{"id":30,"date":"2021-04-12T12:11:49","date_gmt":"2021-04-12T10:11:49","guid":{"rendered":"https:\/\/elc.uwr.edu.pl\/?page_id=30"},"modified":"2022-08-03T13:56:35","modified_gmt":"2022-08-03T11:56:35","slug":"strona-glowna2-2","status":"publish","type":"page","link":"https:\/\/elc.uwr.edu.pl\/pl\/","title":{"rendered":"Strona G\u0142\u00f3wna"},"content":{"rendered":"\n<div class=\"bs_add_mobile_custom_menu\"><\/div>\n\n\n\n<div class=\"wp-block-columns bs-section-baner bs_add_contained_custom_menu is-layout-flex wp-block-columns-is-layout-flex\">\n<div class=\"wp-block-column bs-baner-first-column is-layout-flow wp-block-column-is-layout-flow\" style=\"flex-basis:60%\"><div class=\"n2_clear\"><ss3-force-full-width data-overflow-x=\"body\" data-horizontal-selector=\"body\"><div class=\"n2-section-smartslider fitvidsignore  n2_clear\" data-ssid=\"7\"><div id=\"n2-ss-7-align\" class=\"n2-ss-align\"><div class=\"n2-padding\"><div id=\"n2-ss-7\" data-creator=\"Smart Slider 3\" data-responsive=\"fullwidth\" class=\"n2-ss-slider n2-ow n2-has-hover n2notransition  \"><div class=\"n2-ss-slider-wrapper-inside\">\n        <div class=\"n2-ss-slider-1 n2_ss__touch_element n2-ow\">\n            <div class=\"n2-ss-slider-2 n2-ow\">\n                                                <div class=\"n2-ss-slider-3 n2-ow\">\n\n                    <div class=\"n2-ss-slide-backgrounds n2-ow-all\"><div class=\"n2-ss-slide-background\" data-public-id=\"1\" data-mode=\"fill\"><div class=\"n2-ss-slide-background-image\" data-blur=\"0\" data-opacity=\"100\" data-x=\"50\" data-y=\"50\" data-alt=\"UWr noc\u0105\" data-title=\"\"><picture class=\"skip-lazy\" data-skip-lazy=\"1\"><img decoding=\"async\" src=\"\/\/elc.uwr.edu.pl\/wp-content\/uploads\/sites\/161\/2022\/08\/pocztowka_gmach_glowny.jpg\" alt=\"UWr noc\u0105\" title=\"\" loading=\"lazy\" class=\"skip-lazy\" data-skip-lazy=\"1\"><\/picture><\/div><div data-color=\"RGBA(255,255,255,0)\" style=\"background-color: RGBA(255,255,255,0);\" class=\"n2-ss-slide-background-color\"><\/div><\/div><div class=\"n2-ss-slide-background\" data-public-id=\"2\" data-mode=\"fill\" aria-hidden=\"true\"><div class=\"n2-ss-slide-background-image\" data-blur=\"0\" data-opacity=\"100\" data-x=\"50\" data-y=\"50\" data-alt=\"Budynek UWr\" data-title=\"\"><picture class=\"skip-lazy\" data-skip-lazy=\"1\"><img decoding=\"async\" src=\"\/\/elc.uwr.edu.pl\/wp-content\/uploads\/sites\/161\/2021\/04\/1-43-of-146-43.jpg\" alt=\"Budynek UWr\" title=\"\" loading=\"lazy\" class=\"skip-lazy\" data-skip-lazy=\"1\"><\/picture><\/div><div data-color=\"RGBA(255,255,255,0)\" style=\"background-color: RGBA(255,255,255,0);\" class=\"n2-ss-slide-background-color\"><\/div><\/div><div class=\"n2-ss-slide-background\" data-public-id=\"3\" data-mode=\"fill\" aria-hidden=\"true\"><div class=\"n2-ss-slide-background-image\" data-blur=\"0\" data-opacity=\"100\" data-x=\"50\" data-y=\"50\" data-alt=\"Budynek UWr\" data-title=\"\"><picture class=\"skip-lazy\" data-skip-lazy=\"1\"><img decoding=\"async\" src=\"\/\/elc.uwr.edu.pl\/wp-content\/uploads\/sites\/161\/2022\/01\/filologia-fot.-Magdalena-Marcula-Biuro-ds.-Promocji-UWr-36-scaled.jpg\" alt=\"Budynek UWr\" title=\"\" loading=\"lazy\" class=\"skip-lazy\" data-skip-lazy=\"1\"><\/picture><\/div><div data-color=\"RGBA(255,255,255,0)\" style=\"background-color: RGBA(255,255,255,0);\" class=\"n2-ss-slide-background-color\"><\/div><\/div><\/div>                    <div class=\"n2-ss-slider-4 n2-ow\">\n                        <svg xmlns=\"http:\/\/www.w3.org\/2000\/svg\" viewBox=\"0 0 1200 600\" data-related-device=\"desktopPortrait\" class=\"n2-ow n2-ss-preserve-size n2-ss-preserve-size--slider n2-ss-slide-limiter\"><\/svg><div data-first=\"1\" data-slide-duration=\"0\" data-id=\"56\" data-slide-public-id=\"1\" data-title=\"poczt\u00f3wka_gmach_g\u0142\u00f3wny\" class=\"n2-ss-slide n2-ow  n2-ss-slide-56\"><div role=\"note\" class=\"n2-ss-slide--focus\" tabindex=\"-1\">poczt\u00f3wka_gmach_g\u0142\u00f3wny<\/div><div class=\"n2-ss-layers-container n2-ss-slide-limiter n2-ow\"><div class=\"n2-ss-layer n2-ow n-uc-P34gQz94dypt\" data-sstype=\"slide\" data-pm=\"default\"><\/div><\/div><\/div><div data-slide-duration=\"0\" data-id=\"59\" data-slide-public-id=\"2\" aria-hidden=\"true\" data-title=\"1-43-of-146-43\" class=\"n2-ss-slide n2-ow  n2-ss-slide-59\"><div role=\"note\" class=\"n2-ss-slide--focus\" tabindex=\"-1\">1-43-of-146-43<\/div><div class=\"n2-ss-layers-container n2-ss-slide-limiter n2-ow\"><div class=\"n2-ss-layer n2-ow n-uc-9JvWzGe8uzzb\" data-sstype=\"slide\" data-pm=\"default\"><\/div><\/div><\/div><div data-slide-duration=\"0\" data-id=\"62\" data-slide-public-id=\"3\" aria-hidden=\"true\" data-title=\"filologia-fot.-Magdalena-Marcula-Biuro-ds.-Promocji-UWr-36-scaled\" class=\"n2-ss-slide n2-ow  n2-ss-slide-62\"><div role=\"note\" class=\"n2-ss-slide--focus\" tabindex=\"-1\">filologia-fot.-Magdalena-Marcula-Biuro-ds.-Promocji-UWr-36-scaled<\/div><div class=\"n2-ss-layers-container n2-ss-slide-limiter n2-ow\"><div class=\"n2-ss-layer n2-ow n-uc-oa1AWIjnB3Gq\" data-sstype=\"slide\" data-pm=\"default\"><\/div><\/div><\/div>                    <\/div>\n\n                                    <\/div>\n            <\/div>\n        <\/div>\n        <div class=\"n2-ss-slider-controls n2-ss-slider-controls-absolute-left-center\"><div style=\"--widget-offset:15px;\" class=\"n2-ss-widget nextend-arrow n2-ow-all nextend-arrow-previous  nextend-arrow-animated-fade\" data-hide-mobileportrait=\"1\" id=\"n2-ss-7-arrow-previous\" role=\"button\" aria-label=\"previous arrow\" tabindex=\"0\"><img loading=\"lazy\" decoding=\"async\" width=\"32\" height=\"32\" class=\"skip-lazy\" data-skip-lazy=\"1\" src=\"data:image\/svg+xml;base64,PHN2ZyB3aWR0aD0iMzIiIGhlaWdodD0iMzIiIHZpZXdCb3g9IjAgMCAzMiAzMiIgeG1sbnM9Imh0dHA6Ly93d3cudzMub3JnLzIwMDAvc3ZnIj4KICAgIDxwYXRoIGQ9Ik0xMS40MzMgMTUuOTkyTDIyLjY5IDUuNzEyYy4zOTMtLjM5LjM5My0xLjAzIDAtMS40Mi0uMzkzLS4zOS0xLjAzLS4zOS0xLjQyMyAwbC0xMS45OCAxMC45NGMtLjIxLjIxLS4zLjQ5LS4yODUuNzYtLjAxNS4yOC4wNzUuNTYuMjg0Ljc3bDExLjk4IDEwLjk0Yy4zOTMuMzkgMS4wMy4zOSAxLjQyNCAwIC4zOTMtLjQuMzkzLTEuMDMgMC0xLjQybC0xMS4yNTctMTAuMjkiCiAgICAgICAgICBmaWxsPSIjZmZmZmZmIiBvcGFjaXR5PSIwLjgiIGZpbGwtcnVsZT0iZXZlbm9kZCIvPgo8L3N2Zz4=\" alt=\"previous arrow\"><\/div><\/div><div class=\"n2-ss-slider-controls n2-ss-slider-controls-absolute-right-center\"><div style=\"--widget-offset:15px;\" class=\"n2-ss-widget nextend-arrow n2-ow-all nextend-arrow-next  nextend-arrow-animated-fade\" data-hide-mobileportrait=\"1\" id=\"n2-ss-7-arrow-next\" role=\"button\" aria-label=\"next arrow\" tabindex=\"0\"><img loading=\"lazy\" decoding=\"async\" width=\"32\" height=\"32\" class=\"skip-lazy\" data-skip-lazy=\"1\" src=\"data:image\/svg+xml;base64,PHN2ZyB3aWR0aD0iMzIiIGhlaWdodD0iMzIiIHZpZXdCb3g9IjAgMCAzMiAzMiIgeG1sbnM9Imh0dHA6Ly93d3cudzMub3JnLzIwMDAvc3ZnIj4KICAgIDxwYXRoIGQ9Ik0xMC43MjIgNC4yOTNjLS4zOTQtLjM5LTEuMDMyLS4zOS0xLjQyNyAwLS4zOTMuMzktLjM5MyAxLjAzIDAgMS40MmwxMS4yODMgMTAuMjgtMTEuMjgzIDEwLjI5Yy0uMzkzLjM5LS4zOTMgMS4wMiAwIDEuNDIuMzk1LjM5IDEuMDMzLjM5IDEuNDI3IDBsMTIuMDA3LTEwLjk0Yy4yMS0uMjEuMy0uNDkuMjg0LS43Ny4wMTQtLjI3LS4wNzYtLjU1LS4yODYtLjc2TDEwLjcyIDQuMjkzeiIKICAgICAgICAgIGZpbGw9IiNmZmZmZmYiIG9wYWNpdHk9IjAuOCIgZmlsbC1ydWxlPSJldmVub2RkIi8+Cjwvc3ZnPg==\" alt=\"next arrow\"><\/div><\/div><\/div><\/div><ss3-loader><\/ss3-loader><\/div><\/div><div class=\"n2_clear\"><\/div><\/div><\/ss3-force-full-width><\/div>\n\n\n<div class=\"wp-block-image bs-baner-strzalka\"><figure class=\"alignright size-large\"><a href=\"#ogloszenia-block\"><img decoding=\"async\" src=\"https:\/\/kmsi.uwr.edu.pl\/wp-content\/uploads\/sites\/30\/2022\/05\/Group-609-1-1.svg\" alt=\"Strza\u0142ka w d\u00f3\u0142\" class=\"wp-image-25048\"\/><\/a><\/figure><\/div>\n\n\n\n<p><\/p>\n<\/div>\n\n\n\n<div class=\"wp-block-column is-layout-flow wp-block-column-is-layout-flow\" style=\"flex-basis:5%\"><\/div>\n\n\n\n<div class=\"wp-block-column bs-baner-second-column is-layout-flow wp-block-column-is-layout-flow\" style=\"flex-basis:40%\">\n<div style=\"height:100px\" aria-hidden=\"true\" class=\"wp-block-spacer\"><\/div>\n\n\n\n<h2 class=\"wp-block-heading\"><span style=\"color: #000000\" class=\"ugb-highlight\">O nas<\/span><\/h2>\n\n\n\n<div class=\"wp-block-columns is-layout-flex wp-block-columns-is-layout-flex\">\n<div class=\"wp-block-column odstep-prawy is-layout-flow wp-block-column-is-layout-flow\">\n<p>Studium Intensywnej Nauki J\u0119zyka Angielskiego, znane jako English Language Centre, powsta\u0142o w 1986 roku na mocy porozumienia mi\u0119dzy British Council w Warszawie a Uniwersytetem Wroc\u0142awskim w celu doskonalenia znajomo\u015bci j\u0119zyka angielskiego nauczycieli akademickich. Od tego czasu nieprzerwanie s\u0142u\u017cymy \u015brodowisku akademickiemu Wroc\u0142awia, a od wielu ju\u017c lat nasze kursy s\u0105 r\u00f3wnie\u017c og\u00f3lnodost\u0119pne. Prowadzimy zaj\u0119cia rozwijaj\u0105ce zar\u00f3wno og\u00f3ln\u0105 znajomo\u015b\u0107 j\u0119zyka angielskiego\u00a0 jak i umiej\u0119tno\u015bci przydatne w pracy nauczycieli akademickich.<\/p>\n<\/div>\n<\/div>\n\n\n\r\n<div class=\"bs_block__container\">\r\n    <a title=\"Dowiedz si\u0119 wi\u0119cej\" class=\"button2__link\" href=\"https:\/\/elc.uwr.edu.pl\/pl\/about-us\/\">\r\n        <div class=\"button2\">\r\n            <span class=\"c-button__arrow2\">\r\n                <svg class=\"c-arrow2\" width=\"40px\" height=\"40px\" alt=\"\" viewBox=\"0 0 22 16\" version=\"1.1\">\r\n                    <g class=\"c-arrow__g2\" stroke=\"none\" strokeWidth=\"1\" fill=\"none\" fillRule=\"evenodd\">\r\n                        <g class=\"c-arrow__g2\">\r\n                            <rect id=\"c-arrow__rect2\" x=\"0\" y=\"7\" width=\"20\" height=\"2\" transform=\"scale(0,1)\" \/>\r\n                            <polygon points=\"13.4875 0 12 1.6215 18.7875 8 12 14.3795 13.4875 16 21.9995 8\" \/>\r\n                        <\/g>\r\n                    <\/g>\r\n                <\/svg>\r\n            <\/span>\r\n            <span class=\"c-button__inner2\">Dowiedz si\u0119 wi\u0119cej<\/span>\r\n        <\/div>\r\n    <\/a>\r\n<\/div>\n\n\n<div class=\"wp-block-image bs-baner-badawcza\"><figure class=\"alignright size-full\"><img decoding=\"async\" src=\"https:\/\/kmsi.uwr.edu.pl\/wp-content\/uploads\/sites\/30\/2022\/05\/uczelnia.webp\" alt=\"Uczelnia badawcza\n\" class=\"wp-image-24654\"\/><figcaption><a href=\"https:\/\/badawczy.uwr.edu.pl\/\" target=\"_blank\" rel=\"noreferrer noopener\"><\/a><\/figcaption><\/figure><\/div>\n<\/div>\n<\/div>\n\n\n<div id=\"NewsID\" class=\"aktualnosci-block aktualnosci-block \">\n    <h2 class=\"aktualnosci-block-naglowek aktualnosci-block-naglowek\">Aktualno\u015bci<\/h2>    <div class=\"row\">\n        There is no news to display    <\/div>\n    <div class=\"box-clear\"><\/div>\n<\/div>\n\n\n<div id=\"EventsID\" class=\" wydarzenia-block wydarzenia-block \">\n            <h2 class=\"wydarzenia-block-naglowek wydarzenia-block-naglowek\">Wydarzenia<\/h2>\n        There is no news to display<\/div>\n","protected":false},"excerpt":{"rendered":"<p>O nas Studium Intensywnej Nauki J\u0119zyka Angielskiego, znane jako English Language Centre, powsta\u0142o w 1986 roku na mocy porozumienia mi\u0119dzy British Council w Warszawie a Uniwersytetem Wroc\u0142awskim w celu doskonalenia znajomo\u015bci j\u0119zyka angielskiego nauczycieli akademickich. Od tego czasu nieprzerwanie s\u0142u\u017cymy \u015brodowisku akademickiemu Wroc\u0142awia, a od wielu ju\u017c lat nasze kursy s\u0105 r\u00f3wnie\u017c og\u00f3lnodost\u0119pne. Prowadzimy zaj\u0119cia [&hellip;]<\/p>\n","protected":false},"author":20,"featured_media":0,"parent":0,"menu_order":0,"comment_status":"closed","ping_status":"closed","template":"","meta":{"_acf_changed":false,"inline_featured_image":false,"site-sidebar-layout":"no-sidebar","site-content-layout":"page-builder","ast-site-content-layout":"default","site-content-style":"default","site-sidebar-style":"default","ast-global-header-display":"","ast-banner-title-visibility":"","ast-main-header-display":"","ast-hfb-above-header-display":"","ast-hfb-below-header-display":"","ast-hfb-mobile-header-display":"","site-post-title":"disabled","ast-breadcrumbs-content":"","ast-featured-img":"","footer-sml-layout":"","ast-disable-related-posts":"","theme-transparent-header-meta":"default","adv-header-id-meta":"","stick-header-meta":"","header-above-stick-meta":"","header-main-stick-meta":"","header-below-stick-meta":"","astra-migrate-meta-layouts":"default","ast-page-background-enabled":"default","ast-page-background-meta":{"desktop":{"background-color":"","background-image":"","background-repeat":"repeat","background-position":"center center","background-size":"auto","background-attachment":"scroll","background-type":"","background-media":"","overlay-type":"","overlay-color":"","overlay-opacity":"","overlay-gradient":""},"tablet":{"background-color":"","background-image":"","background-repeat":"repeat","background-position":"center center","background-size":"auto","background-attachment":"scroll","background-type":"","background-media":"","overlay-type":"","overlay-color":"","overlay-opacity":"","overlay-gradient":""},"mobile":{"background-color":"","background-image":"","background-repeat":"repeat","background-position":"center center","background-size":"auto","background-attachment":"scroll","background-type":"","background-media":"","overlay-type":"","overlay-color":"","overlay-opacity":"","overlay-gradient":""}},"ast-content-background-meta":{"desktop":{"background-color":"var(--ast-global-color-5)","background-image":"","background-repeat":"repeat","background-position":"center center","background-size":"auto","background-attachment":"scroll","background-type":"","background-media":"","overlay-type":"","overlay-color":"","overlay-opacity":"","overlay-gradient":""},"tablet":{"background-color":"var(--ast-global-color-5)","background-image":"","background-repeat":"repeat","background-position":"center center","background-size":"auto","background-attachment":"scroll","background-type":"","background-media":"","overlay-type":"","overlay-color":"","overlay-opacity":"","overlay-gradient":""},"mobile":{"background-color":"var(--ast-global-color-5)","background-image":"","background-repeat":"repeat","background-position":"center center","background-size":"auto","background-attachment":"scroll","background-type":"","background-media":"","overlay-type":"","overlay-color":"","overlay-opacity":"","overlay-gradient":""}},"footnotes":""},"categories":[],"tags":[],"class_list":["post-30","page","type-page","status-publish","hentry"],"featured_image_urls_v2":{"full":"","thumbnail":"","medium":"","medium_large":"","large":"","1536x1536":"","2048x2048":"","menu-24x24":"","menu-36x36":"","menu-48x48":""},"post_excerpt_stackable_v2":"<p>poczt\u00f3wka_gmach_g\u0142\u00f3wny1-43-of-146-43filologia-fot.-Magdalena-Marcula-Biuro-ds.-Promocji-UWr-36-scaled O nas Studium Intensywnej Nauki J\u0119zyka Angielskiego, znane jako English Language Centre, powsta\u0142o w 1986 roku na mocy porozumienia mi\u0119dzy British Council w Warszawie a Uniwersytetem Wroc\u0142awskim w celu doskonalenia znajomo\u015bci j\u0119zyka angielskiego nauczycieli akademickich. Od tego czasu nieprzerwanie s\u0142u\u017cymy \u015brodowisku akademickiemu Wroc\u0142awia, a od wielu ju\u017c lat nasze kursy s\u0105 r\u00f3wnie\u017c og\u00f3lnodost\u0119pne. Prowadzimy zaj\u0119cia rozwijaj\u0105ce zar\u00f3wno og\u00f3ln\u0105 znajomo\u015b\u0107 j\u0119zyka angielskiego\u00a0 jak i umiej\u0119tno\u015bci przydatne w pracy nauczycieli akademickich. Dowiedz si\u0119 wi\u0119cej Aktualno\u015bci There is no news to display Wydarzenia There is no news to display<\/p>\n","category_list_v2":"Bez kategorii","author_info_v2":{"name":"mmatlinski","url":"https:\/\/elc.uwr.edu.pl\/pl\/author\/mmatlinski\/"},"comments_num_v2":"0 comments","acf":[],"yoast_head":"<!-- This site is optimized with the Yoast SEO plugin v27.1.1 - https:\/\/yoast.com\/product\/yoast-seo-wordpress\/ -->\n<title>Strona G\u0142\u00f3wna - Studium Intensywnej Nauki J\u0119zyka Angielskiego<\/title>\n<meta name=\"description\" content=\"Studium Intensywnej Nauki J\u0119zyka Angielskiego\" \/>\n<meta name=\"robots\" content=\"index, follow, max-snippet:-1, max-image-preview:large, max-video-preview:-1\" \/>\n<link rel=\"canonical\" href=\"https:\/\/elc.uwr.edu.pl\/pl\/\" \/>\n<meta property=\"og:locale\" content=\"pl_PL\" \/>\n<meta property=\"og:type\" content=\"article\" \/>\n<meta property=\"og:title\" content=\"Strona G\u0142\u00f3wna - Studium Intensywnej Nauki J\u0119zyka Angielskiego\" \/>\n<meta property=\"og:description\" content=\"Studium Intensywnej Nauki J\u0119zyka Angielskiego\" \/>\n<meta property=\"og:url\" content=\"https:\/\/elc.uwr.edu.pl\/pl\/\" \/>\n<meta property=\"og:site_name\" content=\"Studium Intensywnej Nauki J\u0119zyka Angielskiego\" \/>\n<meta property=\"article:modified_time\" content=\"2022-08-03T11:56:35+00:00\" \/>\n<meta property=\"og:image\" content=\"https:\/\/kmsi.uwr.edu.pl\/wp-content\/uploads\/sites\/30\/2022\/05\/Group-609-1-1.svg\" \/>\n<meta name=\"twitter:card\" content=\"summary_large_image\" \/>\n<meta name=\"twitter:label1\" content=\"Szacowany czas czytania\" \/>\n\t<meta name=\"twitter:data1\" content=\"1 minuta\" \/>\n<script type=\"application\/ld+json\" class=\"yoast-schema-graph\">{\"@context\":\"https:\/\/schema.org\",\"@graph\":[{\"@type\":\"WebPage\",\"@id\":\"https:\/\/elc.uwr.edu.pl\/pl\/\",\"url\":\"https:\/\/elc.uwr.edu.pl\/pl\/\",\"name\":\"Strona G\u0142\u00f3wna - Studium Intensywnej Nauki J\u0119zyka Angielskiego\",\"isPartOf\":{\"@id\":\"https:\/\/elc.uwr.edu.pl\/pl\/#website\"},\"primaryImageOfPage\":{\"@id\":\"https:\/\/elc.uwr.edu.pl\/pl\/#primaryimage\"},\"image\":{\"@id\":\"https:\/\/elc.uwr.edu.pl\/pl\/#primaryimage\"},\"thumbnailUrl\":\"https:\/\/kmsi.uwr.edu.pl\/wp-content\/uploads\/sites\/30\/2022\/05\/Group-609-1-1.svg\",\"datePublished\":\"2021-04-12T10:11:49+00:00\",\"dateModified\":\"2022-08-03T11:56:35+00:00\",\"description\":\"Studium Intensywnej Nauki J\u0119zyka Angielskiego\",\"breadcrumb\":{\"@id\":\"https:\/\/elc.uwr.edu.pl\/pl\/#breadcrumb\"},\"inLanguage\":\"pl-PL\",\"potentialAction\":[{\"@type\":\"ReadAction\",\"target\":[\"https:\/\/elc.uwr.edu.pl\/pl\/\"]}]},{\"@type\":\"ImageObject\",\"inLanguage\":\"pl-PL\",\"@id\":\"https:\/\/elc.uwr.edu.pl\/pl\/#primaryimage\",\"url\":\"https:\/\/kmsi.uwr.edu.pl\/wp-content\/uploads\/sites\/30\/2022\/05\/Group-609-1-1.svg\",\"contentUrl\":\"https:\/\/kmsi.uwr.edu.pl\/wp-content\/uploads\/sites\/30\/2022\/05\/Group-609-1-1.svg\"},{\"@type\":\"BreadcrumbList\",\"@id\":\"https:\/\/elc.uwr.edu.pl\/pl\/#breadcrumb\",\"itemListElement\":[{\"@type\":\"ListItem\",\"position\":1,\"name\":\"Strona g\u0142\u00f3wna\",\"item\":\"https:\/\/elc.uwr.edu.pl\/pl\/\"},{\"@type\":\"ListItem\",\"position\":2,\"name\":\"Strona G\u0142\u00f3wna\"}]},{\"@type\":\"WebSite\",\"@id\":\"https:\/\/elc.uwr.edu.pl\/pl\/#website\",\"url\":\"https:\/\/elc.uwr.edu.pl\/pl\/\",\"name\":\"Studium Intensywnej Nauki J\u0119zyka Angielskiego\",\"description\":\"Kolejna witryna sieci \u201eUWR Witryny\u201d\",\"publisher\":{\"@id\":\"https:\/\/elc.uwr.edu.pl\/pl\/#organization\"},\"potentialAction\":[{\"@type\":\"SearchAction\",\"target\":{\"@type\":\"EntryPoint\",\"urlTemplate\":\"https:\/\/elc.uwr.edu.pl\/pl\/?s={search_term_string}\"},\"query-input\":{\"@type\":\"PropertyValueSpecification\",\"valueRequired\":true,\"valueName\":\"search_term_string\"}}],\"inLanguage\":\"pl-PL\"},{\"@type\":\"Organization\",\"@id\":\"https:\/\/elc.uwr.edu.pl\/pl\/#organization\",\"name\":\"Studium Intensywnej Nauki J\u0119zyka Angielskiego\",\"url\":\"https:\/\/elc.uwr.edu.pl\/pl\/\",\"logo\":{\"@type\":\"ImageObject\",\"inLanguage\":\"pl-PL\",\"@id\":\"https:\/\/elc.uwr.edu.pl\/pl\/#\/schema\/logo\/image\/\",\"url\":\"https:\/\/elc.uwr.edu.pl\/wp-content\/uploads\/sites\/161\/2025\/10\/UWr-logotyp-2025.png\",\"contentUrl\":\"https:\/\/elc.uwr.edu.pl\/wp-content\/uploads\/sites\/161\/2025\/10\/UWr-logotyp-2025.png\",\"width\":764,\"height\":269,\"caption\":\"Studium Intensywnej Nauki J\u0119zyka Angielskiego\"},\"image\":{\"@id\":\"https:\/\/elc.uwr.edu.pl\/pl\/#\/schema\/logo\/image\/\"}}]}<\/script>\n<!-- \/ Yoast SEO plugin. -->","yoast_head_json":{"title":"Strona G\u0142\u00f3wna - Studium Intensywnej Nauki J\u0119zyka Angielskiego","description":"Studium Intensywnej Nauki J\u0119zyka Angielskiego","robots":{"index":"index","follow":"follow","max-snippet":"max-snippet:-1","max-image-preview":"max-image-preview:large","max-video-preview":"max-video-preview:-1"},"canonical":"https:\/\/elc.uwr.edu.pl\/pl\/","og_locale":"pl_PL","og_type":"article","og_title":"Strona G\u0142\u00f3wna - Studium Intensywnej Nauki J\u0119zyka Angielskiego","og_description":"Studium Intensywnej Nauki J\u0119zyka Angielskiego","og_url":"https:\/\/elc.uwr.edu.pl\/pl\/","og_site_name":"Studium Intensywnej Nauki J\u0119zyka Angielskiego","article_modified_time":"2022-08-03T11:56:35+00:00","og_image":[{"url":"https:\/\/kmsi.uwr.edu.pl\/wp-content\/uploads\/sites\/30\/2022\/05\/Group-609-1-1.svg","type":"","width":"","height":""}],"twitter_card":"summary_large_image","twitter_misc":{"Szacowany czas czytania":"1 minuta"},"schema":{"@context":"https:\/\/schema.org","@graph":[{"@type":"WebPage","@id":"https:\/\/elc.uwr.edu.pl\/pl\/","url":"https:\/\/elc.uwr.edu.pl\/pl\/","name":"Strona G\u0142\u00f3wna - Studium Intensywnej Nauki J\u0119zyka Angielskiego","isPartOf":{"@id":"https:\/\/elc.uwr.edu.pl\/pl\/#website"},"primaryImageOfPage":{"@id":"https:\/\/elc.uwr.edu.pl\/pl\/#primaryimage"},"image":{"@id":"https:\/\/elc.uwr.edu.pl\/pl\/#primaryimage"},"thumbnailUrl":"https:\/\/kmsi.uwr.edu.pl\/wp-content\/uploads\/sites\/30\/2022\/05\/Group-609-1-1.svg","datePublished":"2021-04-12T10:11:49+00:00","dateModified":"2022-08-03T11:56:35+00:00","description":"Studium Intensywnej Nauki J\u0119zyka Angielskiego","breadcrumb":{"@id":"https:\/\/elc.uwr.edu.pl\/pl\/#breadcrumb"},"inLanguage":"pl-PL","potentialAction":[{"@type":"ReadAction","target":["https:\/\/elc.uwr.edu.pl\/pl\/"]}]},{"@type":"ImageObject","inLanguage":"pl-PL","@id":"https:\/\/elc.uwr.edu.pl\/pl\/#primaryimage","url":"https:\/\/kmsi.uwr.edu.pl\/wp-content\/uploads\/sites\/30\/2022\/05\/Group-609-1-1.svg","contentUrl":"https:\/\/kmsi.uwr.edu.pl\/wp-content\/uploads\/sites\/30\/2022\/05\/Group-609-1-1.svg"},{"@type":"BreadcrumbList","@id":"https:\/\/elc.uwr.edu.pl\/pl\/#breadcrumb","itemListElement":[{"@type":"ListItem","position":1,"name":"Strona g\u0142\u00f3wna","item":"https:\/\/elc.uwr.edu.pl\/pl\/"},{"@type":"ListItem","position":2,"name":"Strona G\u0142\u00f3wna"}]},{"@type":"WebSite","@id":"https:\/\/elc.uwr.edu.pl\/pl\/#website","url":"https:\/\/elc.uwr.edu.pl\/pl\/","name":"Studium Intensywnej Nauki J\u0119zyka Angielskiego","description":"Kolejna witryna sieci \u201eUWR Witryny\u201d","publisher":{"@id":"https:\/\/elc.uwr.edu.pl\/pl\/#organization"},"potentialAction":[{"@type":"SearchAction","target":{"@type":"EntryPoint","urlTemplate":"https:\/\/elc.uwr.edu.pl\/pl\/?s={search_term_string}"},"query-input":{"@type":"PropertyValueSpecification","valueRequired":true,"valueName":"search_term_string"}}],"inLanguage":"pl-PL"},{"@type":"Organization","@id":"https:\/\/elc.uwr.edu.pl\/pl\/#organization","name":"Studium Intensywnej Nauki J\u0119zyka Angielskiego","url":"https:\/\/elc.uwr.edu.pl\/pl\/","logo":{"@type":"ImageObject","inLanguage":"pl-PL","@id":"https:\/\/elc.uwr.edu.pl\/pl\/#\/schema\/logo\/image\/","url":"https:\/\/elc.uwr.edu.pl\/wp-content\/uploads\/sites\/161\/2025\/10\/UWr-logotyp-2025.png","contentUrl":"https:\/\/elc.uwr.edu.pl\/wp-content\/uploads\/sites\/161\/2025\/10\/UWr-logotyp-2025.png","width":764,"height":269,"caption":"Studium Intensywnej Nauki J\u0119zyka Angielskiego"},"image":{"@id":"https:\/\/elc.uwr.edu.pl\/pl\/#\/schema\/logo\/image\/"}}]}},"publishpress_future_action":{"enabled":false,"date":"2026-05-08 05:39:24","action":"change-status","newStatus":"draft","terms":[],"taxonomy":"category","extraData":[]},"publishpress_future_workflow_manual_trigger":{"enabledWorkflows":[]},"_links":{"self":[{"href":"https:\/\/elc.uwr.edu.pl\/pl\/wp-json\/wp\/v2\/pages\/30\/"}],"collection":[{"href":"https:\/\/elc.uwr.edu.pl\/pl\/wp-json\/wp\/v2\/pages\/"}],"about":[{"href":"https:\/\/elc.uwr.edu.pl\/pl\/wp-json\/wp\/v2\/types\/page\/"}],"author":[{"embeddable":true,"href":"https:\/\/elc.uwr.edu.pl\/pl\/wp-json\/wp\/v2\/users\/20\/"}],"replies":[{"embeddable":true,"href":"https:\/\/elc.uwr.edu.pl\/pl\/wp-json\/wp\/v2\/comments\/?post=30"}],"version-history":[{"count":6,"href":"https:\/\/elc.uwr.edu.pl\/pl\/wp-json\/wp\/v2\/pages\/30\/revisions\/"}],"predecessor-version":[{"id":24092,"href":"https:\/\/elc.uwr.edu.pl\/pl\/wp-json\/wp\/v2\/pages\/30\/revisions\/24092\/"}],"wp:attachment":[{"href":"https:\/\/elc.uwr.edu.pl\/pl\/wp-json\/wp\/v2\/media\/?parent=30"}],"wp:term":[{"taxonomy":"category","embeddable":true,"href":"https:\/\/elc.uwr.edu.pl\/pl\/wp-json\/wp\/v2\/categories\/?post=30"},{"taxonomy":"post_tag","embeddable":true,"href":"https:\/\/elc.uwr.edu.pl\/pl\/wp-json\/wp\/v2\/tags\/?post=30"}],"curies":[{"name":"wp","href":"https:\/\/api.w.org\/{rel}","templated":true}]}}