{"id":24756,"date":"2023-02-20T13:16:24","date_gmt":"2023-02-20T12:16:24","guid":{"rendered":"https:\/\/elc.uwr.edu.pl\/?page_id=24756"},"modified":"2023-02-20T13:16:31","modified_gmt":"2023-02-20T12:16:31","slug":"rejestracja-na-konferencje","status":"publish","type":"page","link":"https:\/\/elc.uwr.edu.pl\/pl\/rejestracja-na-konferencje\/","title":{"rendered":"Rejestracja na konferencj\u0119"},"content":{"rendered":"        <div class=\"conference-form-page\">\n            <div class=\"left-column\">\n               <img decoding=\"async\" src=\"https:\/\/uwr.edu.pl\/\/wp-content\/uploads\/2021\/07\/DSC05616.jpg\" \/>\n            <\/div>\n            <div class=\"right-column\">\n                <div class=\"bs_add_breadcrumb_trail\"><\/div>\n                <hr>\n                <h1 class=\"konferencje-strona-naglowek\">Rejestracja na konferencj\u0119<\/h1>\n                <div class=\"conference-form\">\t\t\t\t<form id=\"acf-form\" class=\"acf-form\" action=\"\" method=\"post\">\n\t\t\t\t\t<div id=\"acf-form-data\" class=\"acf-hidden\">\n\t\t<input type=\"hidden\" id=\"_acf_screen\" name=\"_acf_screen\" value=\"acf_form\"\/><input type=\"hidden\" id=\"_acf_post_id\" name=\"_acf_post_id\" value=\"new_post\"\/><input type=\"hidden\" id=\"_acf_validation\" name=\"_acf_validation\" value=\"1\"\/><input type=\"hidden\" id=\"_acf_form\" name=\"_acf_form\" value=\"SlZBT2hldUFHT2o5MmU4cHlWSjU0Yk5maXJxTnRpdkVRa3ZqN1RFWjRxeFppNm1PZGJOanBRcWZhNUhjb2NoVkpkM3RLNnNsYmppNkwxZTJjbDcwWFUyTjFycTVmVVM4cTRYQXlFR1B4K1g2MVl0MDQ1T0tWT1FTQ0N0bDRpd3JkeEZHNHBQLzV6VUhjU2xobVZTbzhtWHJmc00wVjhRcXZhK3RnSUZ6YXNPcDZoZW1yTnJoU21oUUhQV1pzMys3emNIN3BkL3hxa2ZnK2hoOEVlclY5SzVzMlRqZ3U4V3NGWGJsbWZ0WXk0TER0QXFucTg4dEFvSVBRSVN2Y0dFNUFCbUtmcnA2bnJNMU1MSURrWXFiZjdockJBQnBuOXhxSXVjR20wT3VVd1o4d3JaMDVTQW1ha09jVHZQL0VGdXpqRTY0dndORzUybUh0bTJoeXNuSGhKY0VQM1pqM0Erc0MyYnFVR3RUSzRCUEZOajBuTlREUTJHOHVvall4VUNzdFBtWW1SVThDSTlYS3BpSWRVTnBjTGJYNFpmYjBlUmY3dHVndTFvK1V5NjlmMnFzek4xNFlGYXp2MllRK2JJQTRSVnBvcFhKL1VVQzcvbTdXL1hEaVNEU1F4NmNHb1U0bW5mTVBOT2duU1lFMWQ3Z0dmSkFsVys0S2l0RjNSREt2TU5WOEtMWCtzdTRLMERDMkdTUFgrZVVoeEVVTUFQSDZINUJnSkhpblloTlJYbDVicUE5YlBNLzZxWXNROE5IK3NVTUR2WVZBMVVmVXVxSWRQYmJNUG1NU2phZlh1NUNYTHF3SW1YQUNpZVY4b2NxRWR5VlFOYnpWWkxzVUlENkxnL2NCYUphZ01IQW5mb2NkLytDb0dqalNDbzVSbEs2d3JsR1loSG5mOUs5Ti9IWi9HNE1PWEdFaDZOVHJOSlhoMVlPTWlsanNlMG1RR1U3VG93Z3RpcXdaa2xuYUgyS2ZXeVlrUy9hOHAxeThhSjJVMUUxajQ0eEErUnEzd09naWFXY0Y2MElZSHFmK3l1K2ZLN3NmUUliWTNxWmJYck14Wk9BQTRmaEZyQnNBQ0F2S1VUNGxBcFNLaFJuSVUvZGJjRlQ4N1dPUit6VFRYdkppQmZDS1M1MmNsZjZTU1dmbkdqWCtGK2h5MU9TckswM1Q1R01sam1xcWpiK0I0QWxscCt2eUVkbWxUb3l1bmk3bHV2T3Z1QjNmVC8xSXZHUkVibUdvYXM5TVcwZ1VKRmdlQVJpSnMwL0lzUHZvVWs0QWthSmNzRnVZTmU3MW4vYU9YQ2RpYlNCczFXcVZPWXkwRnRQRWdUemIrNWhHdmplZ2JXSVhRSnR6MHBtUEJxalptNFhueFQ5SnpJdlkrMlJhdUJtS3RCK1BLdy9YcEhxVWRZSkJGUzJLZ2IzQjlCY1pWdFhaclVGaGpoeTMwbFpWRU1HRDdodDJ6NGc1OE5OVUlZeUN1YWRRbmpROTRBdXN6OUdPeTJzUjQwbDlqV3pPdXY2amEwQlFuZU5HT3h3TTl2MmVOZHVWbUJXV1drUmhWOSsyNFduM0h5b1ViQ0o2eGFYNmRTT0hvN0J4NmUrNDJnVUtLdnNVRm1OZjlLczo6pRu0z2xIlHdfYz5dcChcew==\"\/><input type=\"hidden\" id=\"_acf_nonce\" name=\"_acf_nonce\" value=\"e9ef3df00b\"\/><input type=\"hidden\" id=\"_acf_changed\" name=\"_acf_changed\" value=\"0\"\/>\t<\/div>\n\t\t\t\t<div class=\"acf-fields acf-form-fields -top\">\n\t\t\t\t\t\t\t\t<div class=\"acf-field acf-field-post-object acf-field-62e27c7d8dc5c\" data-name=\"konferencja\" data-type=\"post_object\" data-key=\"field_62e27c7d8dc5c\">\n<div class=\"acf-label\">\n<label for=\"acf-field_62e27c7d8dc5c\">Konferencja<\/label><\/div>\n<div class=\"acf-input\">\n<input type=\"hidden\" id=\"acf-field_62e27c7d8dc5c-input\" name=\"acf[field_62e27c7d8dc5c]\"\/><select id=\"acf-field_62e27c7d8dc5c\" class=\"\" name=\"acf[field_62e27c7d8dc5c]\" data-ui=\"1\" data-ajax=\"1\" data-multiple=\"0\" data-placeholder=\"Wybierz\" data-allow_null=\"0\" data-nonce=\"355c49645e\"><\/select><\/div>\n<\/div>\n<div class=\"acf-field acf-field-text acf-field-6228ac6cad234 is-required\" data-name=\"imie\" data-type=\"text\" data-key=\"field_6228ac6cad234\" data-required=\"1\">\n<div class=\"acf-label\">\n<label for=\"acf-field_6228ac6cad234\">Imi\u0119 <span class=\"acf-required\">*<\/span><\/label><\/div>\n<div class=\"acf-input\">\n<div class=\"acf-input-wrap\"><input type=\"text\" id=\"acf-field_6228ac6cad234\" name=\"acf[field_6228ac6cad234]\" placeholder=\"Wpisz imi\u0119\" required=\"required\"\/><\/div><\/div>\n<\/div>\n<div class=\"acf-field acf-field-text acf-field-6228ac90ad235 is-required\" data-name=\"nazwisko\" data-type=\"text\" data-key=\"field_6228ac90ad235\" data-required=\"1\">\n<div class=\"acf-label\">\n<label for=\"acf-field_6228ac90ad235\">Nazwisko <span class=\"acf-required\">*<\/span><\/label><\/div>\n<div class=\"acf-input\">\n<div class=\"acf-input-wrap\"><input type=\"text\" id=\"acf-field_6228ac90ad235\" name=\"acf[field_6228ac90ad235]\" placeholder=\"Wpisz nazwisko\" required=\"required\"\/><\/div><\/div>\n<\/div>\n<div class=\"acf-field acf-field-email acf-field-6228aca8ad236 is-required\" data-name=\"e-mail\" data-type=\"email\" data-key=\"field_6228aca8ad236\" data-required=\"1\">\n<div class=\"acf-label\">\n<label for=\"acf-field_6228aca8ad236\">E-mail <span class=\"acf-required\">*<\/span><\/label><\/div>\n<div class=\"acf-input\">\n<div class=\"acf-input-wrap\"><input type=\"email\" id=\"acf-field_6228aca8ad236\" name=\"acf[field_6228aca8ad236]\" placeholder=\"Wpisz e-mail\" required=\"required\"\/><\/div><\/div>\n<\/div>\n<div class=\"acf-field acf-field-number acf-field-6228acc8ad237 is-required\" data-name=\"numer_telefonu\" data-type=\"number\" data-key=\"field_6228acc8ad237\" data-required=\"1\">\n<div class=\"acf-label\">\n<label for=\"acf-field_6228acc8ad237\">Numer telefonu <span class=\"acf-required\">*<\/span><\/label><\/div>\n<div class=\"acf-input\">\n<div class=\"acf-input-wrap\"><input type=\"number\" id=\"acf-field_6228acc8ad237\" name=\"acf[field_6228acc8ad237]\" step=\"any\" required=\"required\"\/><\/div><\/div>\n<\/div>\n<div class=\"acf-field acf-field-text acf-field-6228aceaad238\" data-name=\"tytul_naukowy\" data-type=\"text\" data-key=\"field_6228aceaad238\">\n<div class=\"acf-label\">\n<label for=\"acf-field_6228aceaad238\">Tytu\u0142 naukowy<\/label><\/div>\n<div class=\"acf-input\">\n<div class=\"acf-input-wrap\"><input type=\"text\" id=\"acf-field_6228aceaad238\" name=\"acf[field_6228aceaad238]\" placeholder=\"Wpisz tytu\u0142 naukowy\"\/><\/div><\/div>\n<\/div>\n<div class=\"acf-field acf-field-text acf-field-6228ad0ead239 is-required\" data-name=\"afiliacja\" data-type=\"text\" data-key=\"field_6228ad0ead239\" data-required=\"1\">\n<div class=\"acf-label\">\n<label for=\"acf-field_6228ad0ead239\">Afiliacja <span class=\"acf-required\">*<\/span><\/label><\/div>\n<div class=\"acf-input\">\n<div class=\"acf-input-wrap\"><input type=\"text\" id=\"acf-field_6228ad0ead239\" name=\"acf[field_6228ad0ead239]\" placeholder=\"Wpisz swoj\u0105 afiliacj\u0119\" required=\"required\"\/><\/div><\/div>\n<\/div>\n<div class=\"acf-field acf-field-radio acf-field-6228ae21ad23a\" data-name=\"udzial_w_konferencji\" data-type=\"radio\" data-key=\"field_6228ae21ad23a\">\n<div class=\"acf-label\">\n<label id=\"acf-field_6228ae21ad23a-label\">Udzia\u0142 w konferencji<\/label><\/div>\n<div class=\"acf-input\">\n<input type=\"hidden\" name=\"acf[field_6228ae21ad23a]\"\/><ul class=\"acf-radio-list acf-bl\" data-allow_null=\"0\" data-other_choice=\"0\" role=\"radiogroup\" aria-labelledby=\"acf-field_6228ae21ad23a-label\"><li><label class=\"selected\"><input type=\"radio\" id=\"acf-field_6228ae21ad23a-czynny\" name=\"acf[field_6228ae21ad23a]\" value=\"czynny\" checked=\"checked\"\/>czynny<\/label><\/li><li><label><input type=\"radio\" id=\"acf-field_6228ae21ad23a-bierny\" name=\"acf[field_6228ae21ad23a]\" value=\"bierny\"\/>bierny<\/label><\/li><\/ul><\/div>\n<\/div>\n<div class=\"acf-field acf-field-message acf-field-6228ae5ead23b\" data-type=\"message\" data-key=\"field_6228ae5ead23b\">\n<div class=\"acf-label\">\n<\/div>\n<div class=\"acf-input\">\n<h3>Dane do faktury<\/h3>\n<\/div>\n<\/div>\n<div class=\"acf-field acf-field-textarea acf-field-6228ae96ad23c is-required\" data-name=\"dane_jednostki\" data-type=\"textarea\" data-key=\"field_6228ae96ad23c\" data-required=\"1\">\n<div class=\"acf-label\">\n<label for=\"acf-field_6228ae96ad23c\">Dane jednostki <span class=\"acf-required\">*<\/span><\/label><\/div>\n<div class=\"acf-input\">\n<textarea id=\"acf-field_6228ae96ad23c\" name=\"acf[field_6228ae96ad23c]\" placeholder=\"Wpisz dane jednostki\" rows=\"4\" required=\"required\"><\/textarea><\/div>\n<\/div>\n<div class=\"acf-field acf-field-number acf-field-6228aedead23d is-required\" data-name=\"nip\" data-type=\"number\" data-key=\"field_6228aedead23d\" data-required=\"1\">\n<div class=\"acf-label\">\n<label for=\"acf-field_6228aedead23d\">NIP <span class=\"acf-required\">*<\/span><\/label><\/div>\n<div class=\"acf-input\">\n<div class=\"acf-input-wrap\"><input type=\"number\" id=\"acf-field_6228aedead23d\" name=\"acf[field_6228aedead23d]\" step=\"any\" placeholder=\"Wpisz NIP\" required=\"required\"\/><\/div><\/div>\n<\/div>\n<div class=\"acf-field acf-field-checkbox acf-field-6228aefdad23e is-required\" data-name=\"zgoda_rodo\" data-type=\"checkbox\" data-key=\"field_6228aefdad23e\" data-required=\"1\">\n<div class=\"acf-label\">\n<label id=\"acf-field_6228aefdad23e-label\">Zgoda rodo <span class=\"acf-required\">*<\/span><\/label><\/div>\n<div class=\"acf-input\">\n<input type=\"hidden\" name=\"acf[field_6228aefdad23e]\"\/><ul class=\"acf-checkbox-list acf-bl\" role=\"group\" aria-labelledby=\"acf-field_6228aefdad23e-label\">\n<li><label><input type=\"checkbox\" id=\"acf-field_6228aefdad23e-Zgoda-na-przetwarzanie-danych-osobowych---&lt;a-href=&quot;https:\/\/uwr.edu.pl\/polityka-prywatnosci\/&quot;&gt;RODO&lt;\/a&gt;\" name=\"acf[field_6228aefdad23e][]\" value=\"Zgoda na przetwarzanie danych osobowych - &lt;a href=&quot;https:\/\/uwr.edu.pl\/polityka-prywatnosci\/&quot;&gt;RODO&lt;\/a&gt;\"\/> Zgoda na przetwarzanie danych osobowych - <a href=\"https:\/\/uwr.edu.pl\/polityka-prywatnosci\/\">RODO<\/a><\/label><\/li>\n<\/ul>\n<\/div>\n<\/div>\n<div class=\"acf-field acf-field-text acf-field--validate-email\" style=\"display:none !important;\" data-name=\"_validate_email\" data-type=\"text\" data-key=\"_validate_email\">\n<div class=\"acf-label\">\n<label for=\"acf-_validate_email\">Potwierd\u017a e-mail<\/label><\/div>\n<div class=\"acf-input\">\n<div class=\"acf-input-wrap\"><input type=\"text\" id=\"acf-_validate_email\" name=\"acf[_validate_email]\"\/><\/div><\/div>\n<\/div>\n\t\t\t\t\t\t\t<\/div>\n\t\t\t\t\t\t\t<div class=\"acf-form-submit\">\n\t\t\t\t\t<input type=\"submit\" class=\"acf-button button button-primary button-large\" value=\"Zapisz si\u0119\" \/>\t\t\t\t\t<span class=\"acf-spinner\"><\/span>\t\t\t\t<\/div>\n\t\t\t\t<\/form>\n\t\t\t<\/div>\n            <\/div>\n        <\/div>\n        \n","protected":false},"excerpt":{"rendered":"","protected":false},"author":587,"featured_media":0,"parent":0,"menu_order":0,"comment_status":"closed","ping_status":"closed","template":"","meta":{"_acf_changed":false,"inline_featured_image":false,"site-sidebar-layout":"default","site-content-layout":"","ast-site-content-layout":"default","site-content-style":"default","site-sidebar-style":"default","ast-global-header-display":"","ast-banner-title-visibility":"","ast-main-header-display":"","ast-hfb-above-header-display":"","ast-hfb-below-header-display":"","ast-hfb-mobile-header-display":"","site-post-title":"","ast-breadcrumbs-content":"","ast-featured-img":"","footer-sml-layout":"","ast-disable-related-posts":"","theme-transparent-header-meta":"","adv-header-id-meta":"","stick-header-meta":"","header-above-stick-meta":"","header-main-stick-meta":"","header-below-stick-meta":"","astra-migrate-meta-layouts":"default","ast-page-background-enabled":"default","ast-page-background-meta":{"desktop":{"background-color":"","background-image":"","background-repeat":"repeat","background-position":"center center","background-size":"auto","background-attachment":"scroll","background-type":"","background-media":"","overlay-type":"","overlay-color":"","overlay-opacity":"","overlay-gradient":""},"tablet":{"background-color":"","background-image":"","background-repeat":"repeat","background-position":"center center","background-size":"auto","background-attachment":"scroll","background-type":"","background-media":"","overlay-type":"","overlay-color":"","overlay-opacity":"","overlay-gradient":""},"mobile":{"background-color":"","background-image":"","background-repeat":"repeat","background-position":"center center","background-size":"auto","background-attachment":"scroll","background-type":"","background-media":"","overlay-type":"","overlay-color":"","overlay-opacity":"","overlay-gradient":""}},"ast-content-background-meta":{"desktop":{"background-color":"var(--ast-global-color-5)","background-image":"","background-repeat":"repeat","background-position":"center center","background-size":"auto","background-attachment":"scroll","background-type":"","background-media":"","overlay-type":"","overlay-color":"","overlay-opacity":"","overlay-gradient":""},"tablet":{"background-color":"var(--ast-global-color-5)","background-image":"","background-repeat":"repeat","background-position":"center center","background-size":"auto","background-attachment":"scroll","background-type":"","background-media":"","overlay-type":"","overlay-color":"","overlay-opacity":"","overlay-gradient":""},"mobile":{"background-color":"var(--ast-global-color-5)","background-image":"","background-repeat":"repeat","background-position":"center center","background-size":"auto","background-attachment":"scroll","background-type":"","background-media":"","overlay-type":"","overlay-color":"","overlay-opacity":"","overlay-gradient":""}},"footnotes":""},"categories":[],"tags":[],"class_list":["post-24756","page","type-page","status-publish","hentry"],"featured_image_urls_v2":{"full":"","thumbnail":"","medium":"","medium_large":"","large":"","1536x1536":"","2048x2048":"","menu-24x24":"","menu-36x36":"","menu-48x48":""},"post_excerpt_stackable_v2":"<p>Rejestracja na konferencj\u0119 Konferencja Imi\u0119 * Nazwisko * E-mail * Numer telefonu * Tytu\u0142 naukowy Afiliacja * Udzia\u0142 w konferencji czynnybierny Dane do faktury Dane jednostki * NIP * Zgoda rodo * Zgoda na przetwarzanie danych osobowych &#8211; RODO Potwierd\u017a e-mail<\/p>\n","category_list_v2":"Bez kategorii","author_info_v2":{"name":"kpolinceusz","url":"https:\/\/elc.uwr.edu.pl\/pl\/author\/kpolinceusz\/"},"comments_num_v2":"0 comments","acf":[],"yoast_head":"<!-- This site is optimized with the Yoast SEO plugin v27.1.1 - https:\/\/yoast.com\/product\/yoast-seo-wordpress\/ -->\n<title>Rejestracja na konferencj\u0119 - Studium Intensywnej Nauki J\u0119zyka Angielskiego<\/title>\n<meta name=\"description\" content=\"Studium Intensywnej Nauki J\u0119zyka Angielskiego\" \/>\n<meta name=\"robots\" content=\"index, follow, max-snippet:-1, max-image-preview:large, max-video-preview:-1\" \/>\n<link rel=\"canonical\" href=\"https:\/\/elc.uwr.edu.pl\/pl\/rejestracja-na-konferencje\/\" \/>\n<meta property=\"og:locale\" content=\"pl_PL\" \/>\n<meta property=\"og:type\" content=\"article\" \/>\n<meta property=\"og:title\" content=\"Rejestracja na konferencj\u0119 - Studium Intensywnej Nauki J\u0119zyka Angielskiego\" \/>\n<meta property=\"og:description\" content=\"Studium Intensywnej Nauki J\u0119zyka Angielskiego\" \/>\n<meta property=\"og:url\" content=\"https:\/\/elc.uwr.edu.pl\/pl\/rejestracja-na-konferencje\/\" \/>\n<meta property=\"og:site_name\" content=\"Studium Intensywnej Nauki J\u0119zyka Angielskiego\" \/>\n<meta property=\"article:modified_time\" content=\"2023-02-20T12:16:31+00:00\" \/>\n<meta name=\"twitter:card\" content=\"summary_large_image\" \/>\n<meta name=\"twitter:label1\" content=\"Szacowany czas czytania\" \/>\n\t<meta name=\"twitter:data1\" content=\"1 minuta\" \/>\n<script type=\"application\/ld+json\" class=\"yoast-schema-graph\">{\"@context\":\"https:\/\/schema.org\",\"@graph\":[{\"@type\":\"WebPage\",\"@id\":\"https:\/\/elc.uwr.edu.pl\/pl\/rejestracja-na-konferencje\/\",\"url\":\"https:\/\/elc.uwr.edu.pl\/pl\/rejestracja-na-konferencje\/\",\"name\":\"Rejestracja na konferencj\u0119 - Studium Intensywnej Nauki J\u0119zyka Angielskiego\",\"isPartOf\":{\"@id\":\"https:\/\/elc.uwr.edu.pl\/pl\/#website\"},\"datePublished\":\"2023-02-20T12:16:24+00:00\",\"dateModified\":\"2023-02-20T12:16:31+00:00\",\"description\":\"Studium Intensywnej Nauki J\u0119zyka Angielskiego\",\"breadcrumb\":{\"@id\":\"https:\/\/elc.uwr.edu.pl\/pl\/rejestracja-na-konferencje\/#breadcrumb\"},\"inLanguage\":\"pl-PL\",\"potentialAction\":[{\"@type\":\"ReadAction\",\"target\":[\"https:\/\/elc.uwr.edu.pl\/pl\/rejestracja-na-konferencje\/\"]}]},{\"@type\":\"BreadcrumbList\",\"@id\":\"https:\/\/elc.uwr.edu.pl\/pl\/rejestracja-na-konferencje\/#breadcrumb\",\"itemListElement\":[{\"@type\":\"ListItem\",\"position\":1,\"name\":\"Strona g\u0142\u00f3wna\",\"item\":\"https:\/\/elc.uwr.edu.pl\/pl\/\"},{\"@type\":\"ListItem\",\"position\":2,\"name\":\"Rejestracja na konferencj\u0119\"}]},{\"@type\":\"WebSite\",\"@id\":\"https:\/\/elc.uwr.edu.pl\/pl\/#website\",\"url\":\"https:\/\/elc.uwr.edu.pl\/pl\/\",\"name\":\"Studium Intensywnej Nauki J\u0119zyka Angielskiego\",\"description\":\"Kolejna witryna sieci \u201eUWR Witryny\u201d\",\"publisher\":{\"@id\":\"https:\/\/elc.uwr.edu.pl\/pl\/#organization\"},\"potentialAction\":[{\"@type\":\"SearchAction\",\"target\":{\"@type\":\"EntryPoint\",\"urlTemplate\":\"https:\/\/elc.uwr.edu.pl\/pl\/?s={search_term_string}\"},\"query-input\":{\"@type\":\"PropertyValueSpecification\",\"valueRequired\":true,\"valueName\":\"search_term_string\"}}],\"inLanguage\":\"pl-PL\"},{\"@type\":\"Organization\",\"@id\":\"https:\/\/elc.uwr.edu.pl\/pl\/#organization\",\"name\":\"Studium Intensywnej Nauki J\u0119zyka Angielskiego\",\"url\":\"https:\/\/elc.uwr.edu.pl\/pl\/\",\"logo\":{\"@type\":\"ImageObject\",\"inLanguage\":\"pl-PL\",\"@id\":\"https:\/\/elc.uwr.edu.pl\/pl\/#\/schema\/logo\/image\/\",\"url\":\"https:\/\/elc.uwr.edu.pl\/wp-content\/uploads\/sites\/161\/2025\/10\/UWr-logotyp-2025.png\",\"contentUrl\":\"https:\/\/elc.uwr.edu.pl\/wp-content\/uploads\/sites\/161\/2025\/10\/UWr-logotyp-2025.png\",\"width\":764,\"height\":269,\"caption\":\"Studium Intensywnej Nauki J\u0119zyka Angielskiego\"},\"image\":{\"@id\":\"https:\/\/elc.uwr.edu.pl\/pl\/#\/schema\/logo\/image\/\"}}]}<\/script>\n<!-- \/ Yoast SEO plugin. -->","yoast_head_json":{"title":"Rejestracja na konferencj\u0119 - Studium Intensywnej Nauki J\u0119zyka Angielskiego","description":"Studium Intensywnej Nauki J\u0119zyka Angielskiego","robots":{"index":"index","follow":"follow","max-snippet":"max-snippet:-1","max-image-preview":"max-image-preview:large","max-video-preview":"max-video-preview:-1"},"canonical":"https:\/\/elc.uwr.edu.pl\/pl\/rejestracja-na-konferencje\/","og_locale":"pl_PL","og_type":"article","og_title":"Rejestracja na konferencj\u0119 - Studium Intensywnej Nauki J\u0119zyka Angielskiego","og_description":"Studium Intensywnej Nauki J\u0119zyka Angielskiego","og_url":"https:\/\/elc.uwr.edu.pl\/pl\/rejestracja-na-konferencje\/","og_site_name":"Studium Intensywnej Nauki J\u0119zyka Angielskiego","article_modified_time":"2023-02-20T12:16:31+00:00","twitter_card":"summary_large_image","twitter_misc":{"Szacowany czas czytania":"1 minuta"},"schema":{"@context":"https:\/\/schema.org","@graph":[{"@type":"WebPage","@id":"https:\/\/elc.uwr.edu.pl\/pl\/rejestracja-na-konferencje\/","url":"https:\/\/elc.uwr.edu.pl\/pl\/rejestracja-na-konferencje\/","name":"Rejestracja na konferencj\u0119 - Studium Intensywnej Nauki J\u0119zyka Angielskiego","isPartOf":{"@id":"https:\/\/elc.uwr.edu.pl\/pl\/#website"},"datePublished":"2023-02-20T12:16:24+00:00","dateModified":"2023-02-20T12:16:31+00:00","description":"Studium Intensywnej Nauki J\u0119zyka Angielskiego","breadcrumb":{"@id":"https:\/\/elc.uwr.edu.pl\/pl\/rejestracja-na-konferencje\/#breadcrumb"},"inLanguage":"pl-PL","potentialAction":[{"@type":"ReadAction","target":["https:\/\/elc.uwr.edu.pl\/pl\/rejestracja-na-konferencje\/"]}]},{"@type":"BreadcrumbList","@id":"https:\/\/elc.uwr.edu.pl\/pl\/rejestracja-na-konferencje\/#breadcrumb","itemListElement":[{"@type":"ListItem","position":1,"name":"Strona g\u0142\u00f3wna","item":"https:\/\/elc.uwr.edu.pl\/pl\/"},{"@type":"ListItem","position":2,"name":"Rejestracja na konferencj\u0119"}]},{"@type":"WebSite","@id":"https:\/\/elc.uwr.edu.pl\/pl\/#website","url":"https:\/\/elc.uwr.edu.pl\/pl\/","name":"Studium Intensywnej Nauki J\u0119zyka Angielskiego","description":"Kolejna witryna sieci \u201eUWR Witryny\u201d","publisher":{"@id":"https:\/\/elc.uwr.edu.pl\/pl\/#organization"},"potentialAction":[{"@type":"SearchAction","target":{"@type":"EntryPoint","urlTemplate":"https:\/\/elc.uwr.edu.pl\/pl\/?s={search_term_string}"},"query-input":{"@type":"PropertyValueSpecification","valueRequired":true,"valueName":"search_term_string"}}],"inLanguage":"pl-PL"},{"@type":"Organization","@id":"https:\/\/elc.uwr.edu.pl\/pl\/#organization","name":"Studium Intensywnej Nauki J\u0119zyka Angielskiego","url":"https:\/\/elc.uwr.edu.pl\/pl\/","logo":{"@type":"ImageObject","inLanguage":"pl-PL","@id":"https:\/\/elc.uwr.edu.pl\/pl\/#\/schema\/logo\/image\/","url":"https:\/\/elc.uwr.edu.pl\/wp-content\/uploads\/sites\/161\/2025\/10\/UWr-logotyp-2025.png","contentUrl":"https:\/\/elc.uwr.edu.pl\/wp-content\/uploads\/sites\/161\/2025\/10\/UWr-logotyp-2025.png","width":764,"height":269,"caption":"Studium Intensywnej Nauki J\u0119zyka Angielskiego"},"image":{"@id":"https:\/\/elc.uwr.edu.pl\/pl\/#\/schema\/logo\/image\/"}}]}},"publishpress_future_action":{"enabled":false,"date":"2026-05-08 07:31:01","action":"change-status","newStatus":"draft","terms":[],"taxonomy":"category","extraData":[]},"publishpress_future_workflow_manual_trigger":{"enabledWorkflows":[]},"_links":{"self":[{"href":"https:\/\/elc.uwr.edu.pl\/pl\/wp-json\/wp\/v2\/pages\/24756\/"}],"collection":[{"href":"https:\/\/elc.uwr.edu.pl\/pl\/wp-json\/wp\/v2\/pages\/"}],"about":[{"href":"https:\/\/elc.uwr.edu.pl\/pl\/wp-json\/wp\/v2\/types\/page\/"}],"author":[{"embeddable":true,"href":"https:\/\/elc.uwr.edu.pl\/pl\/wp-json\/wp\/v2\/users\/587\/"}],"replies":[{"embeddable":true,"href":"https:\/\/elc.uwr.edu.pl\/pl\/wp-json\/wp\/v2\/comments\/?post=24756"}],"version-history":[{"count":1,"href":"https:\/\/elc.uwr.edu.pl\/pl\/wp-json\/wp\/v2\/pages\/24756\/revisions\/"}],"predecessor-version":[{"id":24759,"href":"https:\/\/elc.uwr.edu.pl\/pl\/wp-json\/wp\/v2\/pages\/24756\/revisions\/24759\/"}],"wp:attachment":[{"href":"https:\/\/elc.uwr.edu.pl\/pl\/wp-json\/wp\/v2\/media\/?parent=24756"}],"wp:term":[{"taxonomy":"category","embeddable":true,"href":"https:\/\/elc.uwr.edu.pl\/pl\/wp-json\/wp\/v2\/categories\/?post=24756"},{"taxonomy":"post_tag","embeddable":true,"href":"https:\/\/elc.uwr.edu.pl\/pl\/wp-json\/wp\/v2\/tags\/?post=24756"}],"curies":[{"name":"wp","href":"https:\/\/api.w.org\/{rel}","templated":true}]}}