{"id":24392,"date":"2022-08-04T13:05:16","date_gmt":"2022-08-04T11:05:16","guid":{"rendered":"https:\/\/elc.uwr.edu.pl\/?page_id=24392"},"modified":"2024-10-02T11:39:44","modified_gmt":"2024-10-02T09:39:44","slug":"english-for-administration","status":"publish","type":"page","link":"https:\/\/elc.uwr.edu.pl\/pl\/english-for-administration\/","title":{"rendered":"English for Administration"},"content":{"rendered":"\n<div class=\"alignfull wp-block-ugb-container ugb-container podstrona_sekcje ugb-12c4a27 ugb-container--v2 ugb-container--design-plain ugb-main-block\"><style>@media screen and (min-width:768px){.ugb-12c4a27.ugb-container{margin-bottom:0px !important;padding-right:0px !important;padding-bottom:50px !important;padding-left:0px !important}}@media screen and (min-width:768px){.ugb-12c4a27 > .ugb-inner-block > .ugb-block-content > *{padding-top:0px !important;padding-bottom:0px !important;padding-right:0px !important;padding-left:0px !important}}<\/style><div class=\"ugb-inner-block\"><div class=\"ugb-block-content\"><div class=\"ugb-container__wrapper ugb-12c4a27-wrapper\"><div class=\"ugb-container__side\"><div class=\"ugb-container__content-wrapper ugb-12c4a27-content-wrapper\">\n<div class=\"wp-block-media-text alignwide is-stacked-on-mobile is-vertically-aligned-top is-image-fill bs-naglowek-szablonu-kolumny\"><figure class=\"wp-block-media-text__media\" style=\"background-image:url(https:\/\/elc.uwr.edu.pl\/wp-content\/uploads\/sites\/161\/2022\/08\/administracja-1024x683.jpeg);background-position:50% 50%\"><img loading=\"lazy\" decoding=\"async\" width=\"1024\" height=\"683\" src=\"https:\/\/elc.uwr.edu.pl\/wp-content\/uploads\/sites\/161\/2022\/08\/administracja-1024x683.jpeg\" alt=\"Administracja\" class=\"wp-image-24395 size-full\" srcset=\"https:\/\/elc.uwr.edu.pl\/wp-content\/uploads\/sites\/161\/2022\/08\/administracja-1024x683.jpeg 1024w, https:\/\/elc.uwr.edu.pl\/wp-content\/uploads\/sites\/161\/2022\/08\/administracja-300x200.jpeg 300w, https:\/\/elc.uwr.edu.pl\/wp-content\/uploads\/sites\/161\/2022\/08\/administracja-768x512.jpeg 768w, https:\/\/elc.uwr.edu.pl\/wp-content\/uploads\/sites\/161\/2022\/08\/administracja-1536x1024.jpeg 1536w, https:\/\/elc.uwr.edu.pl\/wp-content\/uploads\/sites\/161\/2022\/08\/administracja-2048x1365.jpeg 2048w, https:\/\/elc.uwr.edu.pl\/wp-content\/uploads\/sites\/161\/2022\/08\/administracja-1320x880.jpeg 1320w, https:\/\/elc.uwr.edu.pl\/wp-content\/uploads\/sites\/161\/2022\/08\/administracja-24x16.jpeg 24w, https:\/\/elc.uwr.edu.pl\/wp-content\/uploads\/sites\/161\/2022\/08\/administracja-36x24.jpeg 36w, https:\/\/elc.uwr.edu.pl\/wp-content\/uploads\/sites\/161\/2022\/08\/administracja-48x32.jpeg 48w, https:\/\/elc.uwr.edu.pl\/wp-content\/uploads\/sites\/161\/2022\/08\/administracja.jpeg 1600w\" sizes=\"auto, (max-width: 1024px) 100vw, 1024px\" \/><\/figure><div class=\"wp-block-media-text__content\">\n<div class=\"wp-block-bonasoft-modular-breadcrumbs-block\"><div class=\"bs_add_breadcrumb_trail\"><\/div><\/div>\n\n\n\n<hr class=\"wp-block-separator has-text-color has-black-color has-css-opacity has-black-background-color has-background is-style-wide bs-border-kontakt\"\/>\n\n\n<h1 style=\"font-style:normal;font-weight:700;\" class=\"bs-naglowek-podstrony wp-block-post-title\">English for Administration<\/h1>\n\n\n<div style=\"height:50px\" aria-hidden=\"true\" class=\"wp-block-spacer\"><\/div>\n\n\n\n<p>Zaj\u0119cia odbywaj\u0105 si\u0119 na poziomach zaawansowania od\u00a0A2\u00a0do\u00a0B2.<\/p>\n\n\n\n<p><\/p>\n\n\n\n<p>Op\u0142ata za jeden semestr zaj\u0119\u0107 (30 godzin dydaktycznych) wynosi 300 z\u0142.\u00a0<br>Prosimy o wniesienie nale\u017cnej op\u0142aty na konto do 28 pa\u017adziernika:<br>UNIWERSYTET\u00a0\u00a0WROC\u0141AWSKI<br>pl. Uniwersytecki 1<br>50- 137 Wroc\u0142aw<br>SANTANDER BANK POLSKA S.A.\u00a0\u00a04 O\/Wroc\u0142aw<br>71 1090 2503 0000 0006 3000 0004<br>tytu\u0142em: BC\u00a0\u00a0720-10-14-17<\/p>\n<\/div><\/div>\n\n\n\n<div class=\"wp-block-ugb-container ugb-container ugb-002ab8b ugb-container--v2 ugb-container--design-plain ugb-main-block\"><style>@media screen and (min-width:768px){.ugb-002ab8b.ugb-container{margin-bottom:0% !important;margin-right:6% !important;margin-left:6% !important}}@media screen and (min-width:768px){.ugb-002ab8b > .ugb-inner-block > .ugb-block-content > *{padding-top:0px !important;padding-bottom:0px !important;padding-right:0px !important;padding-left:0px !important}}<\/style><div class=\"ugb-inner-block\"><div class=\"ugb-block-content\"><div class=\"ugb-container__wrapper ugb-002ab8b-wrapper\"><div class=\"ugb-container__side\"><div class=\"ugb-container__content-wrapper ugb-002ab8b-content-wrapper\">\n<p>Zg\u0142oszenia na kurs&nbsp;<em>English for Administration<\/em>&nbsp;prosimy przesy\u0142a\u0107 na adres: <a href=\"mailto:elc@uwr.edu.pl\">elc@uwr.edu.pl<\/a> <\/p>\n\n\n\n<p>Zg\u0142aszaj\u0105c si\u0119 na zaj\u0119cia na okre\u015blonym poziomie zaawansowania, prosimy wzi\u0105\u0107 pod uwag\u0119 poziom, na kt\u00f3rym Pa\u0144stwo uko\u0144czyli nauk\u0119 j\u0119zyka angielskiego w Studium Intensywnej Nauki J\u0119zyka Angielskiego.<br>Je\u017celi Pa\u0144stwo nie uczestniczyli w kursie j\u0119zyka angielskiego w SINJA, b\u0119d\u0105\u00a0\u00a0Pa\u0144stwo proszeni o napisanie testu kwalifikuj\u0105cego.<\/p>\n\n\n\n<p>Przewidywana liczba os\u00f3b w grupie: 10.<br>O wpisaniu do grupy decyduje kolejno\u015b\u0107 zg\u0142osze\u0144.<\/p>\n<\/div><\/div><\/div><\/div><\/div><\/div>\n\n\n\n<p><\/p>\n<\/div><\/div><\/div><\/div><\/div><\/div>\n","protected":false},"excerpt":{"rendered":"<p>Zaj\u0119cia odbywaj\u0105 si\u0119 na poziomach zaawansowania od\u00a0A2\u00a0do\u00a0B2. Op\u0142ata za jeden semestr zaj\u0119\u0107 (30 godzin dydaktycznych) wynosi 300 z\u0142.\u00a0Prosimy o wniesienie nale\u017cnej op\u0142aty na konto do 28 pa\u017adziernika:UNIWERSYTET\u00a0\u00a0WROC\u0141AWSKIpl. Uniwersytecki 150- 137 Wroc\u0142awSANTANDER BANK POLSKA S.A.\u00a0\u00a04 O\/Wroc\u0142aw71 1090 2503 0000 0006 3000 0004tytu\u0142em: BC\u00a0\u00a0720-10-14-17 Zg\u0142oszenia na kurs&nbsp;English for Administration&nbsp;prosimy przesy\u0142a\u0107 na adres: elc@uwr.edu.pl Zg\u0142aszaj\u0105c si\u0119 na zaj\u0119cia [&hellip;]<\/p>\n","protected":false},"author":37,"featured_media":0,"parent":0,"menu_order":0,"comment_status":"closed","ping_status":"closed","template":"","meta":{"_acf_changed":false,"inline_featured_image":false,"site-sidebar-layout":"default","site-content-layout":"","ast-site-content-layout":"default","site-content-style":"default","site-sidebar-style":"default","ast-global-header-display":"","ast-banner-title-visibility":"","ast-main-header-display":"","ast-hfb-above-header-display":"","ast-hfb-below-header-display":"","ast-hfb-mobile-header-display":"","site-post-title":"","ast-breadcrumbs-content":"","ast-featured-img":"","footer-sml-layout":"","ast-disable-related-posts":"","theme-transparent-header-meta":"","adv-header-id-meta":"","stick-header-meta":"","header-above-stick-meta":"","header-main-stick-meta":"","header-below-stick-meta":"","astra-migrate-meta-layouts":"set","ast-page-background-enabled":"default","ast-page-background-meta":{"desktop":{"background-color":"","background-image":"","background-repeat":"repeat","background-position":"center center","background-size":"auto","background-attachment":"scroll","background-type":"","background-media":"","overlay-type":"","overlay-color":"","overlay-opacity":"","overlay-gradient":""},"tablet":{"background-color":"","background-image":"","background-repeat":"repeat","background-position":"center center","background-size":"auto","background-attachment":"scroll","background-type":"","background-media":"","overlay-type":"","overlay-color":"","overlay-opacity":"","overlay-gradient":""},"mobile":{"background-color":"","background-image":"","background-repeat":"repeat","background-position":"center center","background-size":"auto","background-attachment":"scroll","background-type":"","background-media":"","overlay-type":"","overlay-color":"","overlay-opacity":"","overlay-gradient":""}},"ast-content-background-meta":{"desktop":{"background-color":"var(--ast-global-color-5)","background-image":"","background-repeat":"repeat","background-position":"center center","background-size":"auto","background-attachment":"scroll","background-type":"","background-media":"","overlay-type":"","overlay-color":"","overlay-opacity":"","overlay-gradient":""},"tablet":{"background-color":"var(--ast-global-color-5)","background-image":"","background-repeat":"repeat","background-position":"center center","background-size":"auto","background-attachment":"scroll","background-type":"","background-media":"","overlay-type":"","overlay-color":"","overlay-opacity":"","overlay-gradient":""},"mobile":{"background-color":"var(--ast-global-color-5)","background-image":"","background-repeat":"repeat","background-position":"center center","background-size":"auto","background-attachment":"scroll","background-type":"","background-media":"","overlay-type":"","overlay-color":"","overlay-opacity":"","overlay-gradient":""}},"footnotes":""},"categories":[],"tags":[],"class_list":["post-24392","page","type-page","status-publish","hentry"],"featured_image_urls_v2":{"full":"","thumbnail":"","medium":"","medium_large":"","large":"","1536x1536":"","2048x2048":"","menu-24x24":"","menu-36x36":"","menu-48x48":""},"post_excerpt_stackable_v2":"<p>English for Administration Zaj\u0119cia odbywaj\u0105 si\u0119 na poziomach zaawansowania od\u00a0A2\u00a0do\u00a0B2. Op\u0142ata za jeden semestr zaj\u0119\u0107 (30 godzin dydaktycznych) wynosi 300 z\u0142.\u00a0Prosimy o wniesienie nale\u017cnej op\u0142aty na konto do 28 pa\u017adziernika:UNIWERSYTET\u00a0\u00a0WROC\u0141AWSKIpl. Uniwersytecki 150- 137 Wroc\u0142awSANTANDER BANK POLSKA S.A.\u00a0\u00a04 O\/Wroc\u0142aw71 1090 2503 0000 0006 3000 0004tytu\u0142em: BC\u00a0\u00a0720-10-14-17 Zg\u0142oszenia na kurs&nbsp;English for Administration&nbsp;prosimy przesy\u0142a\u0107 na adres: elc@uwr.edu.pl Zg\u0142aszaj\u0105c si\u0119 na zaj\u0119cia na okre\u015blonym poziomie zaawansowania, prosimy wzi\u0105\u0107 pod uwag\u0119 poziom, na kt\u00f3rym Pa\u0144stwo uko\u0144czyli nauk\u0119 j\u0119zyka angielskiego w Studium Intensywnej Nauki J\u0119zyka Angielskiego.Je\u017celi Pa\u0144stwo nie uczestniczyli w kursie j\u0119zyka angielskiego w SINJA, b\u0119d\u0105\u00a0\u00a0Pa\u0144stwo proszeni o napisanie testu kwalifikuj\u0105cego. Przewidywana liczba os\u00f3b w grupie:&hellip;<\/p>\n","category_list_v2":"Bez kategorii","author_info_v2":{"name":"Izabela Jaraszek","url":"https:\/\/elc.uwr.edu.pl\/pl\/author\/ijaraszek\/"},"comments_num_v2":"0 comments","acf":[],"yoast_head":"<!-- This site is optimized with the Yoast SEO plugin v27.1.1 - https:\/\/yoast.com\/product\/yoast-seo-wordpress\/ -->\n<title>English for Administration - Studium Intensywnej Nauki J\u0119zyka Angielskiego<\/title>\n<meta name=\"description\" content=\"Studium Intensywnej Nauki J\u0119zyka Angielskiego\" \/>\n<meta name=\"robots\" content=\"index, follow, max-snippet:-1, max-image-preview:large, max-video-preview:-1\" \/>\n<link rel=\"canonical\" href=\"https:\/\/elc.uwr.edu.pl\/pl\/english-for-administration\/\" \/>\n<meta property=\"og:locale\" content=\"pl_PL\" \/>\n<meta property=\"og:type\" content=\"article\" \/>\n<meta property=\"og:title\" content=\"English for Administration - Studium Intensywnej Nauki J\u0119zyka Angielskiego\" \/>\n<meta property=\"og:description\" content=\"Studium Intensywnej Nauki J\u0119zyka Angielskiego\" \/>\n<meta property=\"og:url\" content=\"https:\/\/elc.uwr.edu.pl\/pl\/english-for-administration\/\" \/>\n<meta property=\"og:site_name\" content=\"Studium Intensywnej Nauki J\u0119zyka Angielskiego\" \/>\n<meta property=\"article:modified_time\" content=\"2024-10-02T09:39:44+00:00\" \/>\n<meta property=\"og:image\" content=\"https:\/\/elc.uwr.edu.pl\/wp-content\/uploads\/sites\/161\/2022\/08\/administracja-1024x683.jpeg\" \/>\n<meta name=\"twitter:card\" content=\"summary_large_image\" \/>\n<meta name=\"twitter:label1\" content=\"Szacowany czas czytania\" \/>\n\t<meta name=\"twitter:data1\" content=\"1 minuta\" \/>\n<script type=\"application\/ld+json\" class=\"yoast-schema-graph\">{\"@context\":\"https:\/\/schema.org\",\"@graph\":[{\"@type\":\"WebPage\",\"@id\":\"https:\/\/elc.uwr.edu.pl\/pl\/english-for-administration\/\",\"url\":\"https:\/\/elc.uwr.edu.pl\/pl\/english-for-administration\/\",\"name\":\"English for Administration - Studium Intensywnej Nauki J\u0119zyka Angielskiego\",\"isPartOf\":{\"@id\":\"https:\/\/elc.uwr.edu.pl\/pl\/#website\"},\"primaryImageOfPage\":{\"@id\":\"https:\/\/elc.uwr.edu.pl\/pl\/english-for-administration\/#primaryimage\"},\"image\":{\"@id\":\"https:\/\/elc.uwr.edu.pl\/pl\/english-for-administration\/#primaryimage\"},\"thumbnailUrl\":\"https:\/\/elc.uwr.edu.pl\/wp-content\/uploads\/sites\/161\/2022\/08\/administracja-1024x683.jpeg\",\"datePublished\":\"2022-08-04T11:05:16+00:00\",\"dateModified\":\"2024-10-02T09:39:44+00:00\",\"description\":\"Studium Intensywnej Nauki J\u0119zyka Angielskiego\",\"breadcrumb\":{\"@id\":\"https:\/\/elc.uwr.edu.pl\/pl\/english-for-administration\/#breadcrumb\"},\"inLanguage\":\"pl-PL\",\"potentialAction\":[{\"@type\":\"ReadAction\",\"target\":[\"https:\/\/elc.uwr.edu.pl\/pl\/english-for-administration\/\"]}]},{\"@type\":\"ImageObject\",\"inLanguage\":\"pl-PL\",\"@id\":\"https:\/\/elc.uwr.edu.pl\/pl\/english-for-administration\/#primaryimage\",\"url\":\"https:\/\/elc.uwr.edu.pl\/wp-content\/uploads\/sites\/161\/2022\/08\/administracja-1024x683.jpeg\",\"contentUrl\":\"https:\/\/elc.uwr.edu.pl\/wp-content\/uploads\/sites\/161\/2022\/08\/administracja-1024x683.jpeg\"},{\"@type\":\"BreadcrumbList\",\"@id\":\"https:\/\/elc.uwr.edu.pl\/pl\/english-for-administration\/#breadcrumb\",\"itemListElement\":[{\"@type\":\"ListItem\",\"position\":1,\"name\":\"Strona g\u0142\u00f3wna\",\"item\":\"https:\/\/elc.uwr.edu.pl\/pl\/\"},{\"@type\":\"ListItem\",\"position\":2,\"name\":\"English for Administration\"}]},{\"@type\":\"WebSite\",\"@id\":\"https:\/\/elc.uwr.edu.pl\/pl\/#website\",\"url\":\"https:\/\/elc.uwr.edu.pl\/pl\/\",\"name\":\"Studium Intensywnej Nauki J\u0119zyka Angielskiego\",\"description\":\"Kolejna witryna sieci \u201eUWR Witryny\u201d\",\"publisher\":{\"@id\":\"https:\/\/elc.uwr.edu.pl\/pl\/#organization\"},\"potentialAction\":[{\"@type\":\"SearchAction\",\"target\":{\"@type\":\"EntryPoint\",\"urlTemplate\":\"https:\/\/elc.uwr.edu.pl\/pl\/?s={search_term_string}\"},\"query-input\":{\"@type\":\"PropertyValueSpecification\",\"valueRequired\":true,\"valueName\":\"search_term_string\"}}],\"inLanguage\":\"pl-PL\"},{\"@type\":\"Organization\",\"@id\":\"https:\/\/elc.uwr.edu.pl\/pl\/#organization\",\"name\":\"Studium Intensywnej Nauki J\u0119zyka Angielskiego\",\"url\":\"https:\/\/elc.uwr.edu.pl\/pl\/\",\"logo\":{\"@type\":\"ImageObject\",\"inLanguage\":\"pl-PL\",\"@id\":\"https:\/\/elc.uwr.edu.pl\/pl\/#\/schema\/logo\/image\/\",\"url\":\"https:\/\/elc.uwr.edu.pl\/wp-content\/uploads\/sites\/161\/2025\/10\/UWr-logotyp-2025.png\",\"contentUrl\":\"https:\/\/elc.uwr.edu.pl\/wp-content\/uploads\/sites\/161\/2025\/10\/UWr-logotyp-2025.png\",\"width\":764,\"height\":269,\"caption\":\"Studium Intensywnej Nauki J\u0119zyka Angielskiego\"},\"image\":{\"@id\":\"https:\/\/elc.uwr.edu.pl\/pl\/#\/schema\/logo\/image\/\"}}]}<\/script>\n<!-- \/ Yoast SEO plugin. -->","yoast_head_json":{"title":"English for Administration - Studium Intensywnej Nauki J\u0119zyka Angielskiego","description":"Studium Intensywnej Nauki J\u0119zyka Angielskiego","robots":{"index":"index","follow":"follow","max-snippet":"max-snippet:-1","max-image-preview":"max-image-preview:large","max-video-preview":"max-video-preview:-1"},"canonical":"https:\/\/elc.uwr.edu.pl\/pl\/english-for-administration\/","og_locale":"pl_PL","og_type":"article","og_title":"English for Administration - Studium Intensywnej Nauki J\u0119zyka Angielskiego","og_description":"Studium Intensywnej Nauki J\u0119zyka Angielskiego","og_url":"https:\/\/elc.uwr.edu.pl\/pl\/english-for-administration\/","og_site_name":"Studium Intensywnej Nauki J\u0119zyka Angielskiego","article_modified_time":"2024-10-02T09:39:44+00:00","og_image":[{"url":"https:\/\/elc.uwr.edu.pl\/wp-content\/uploads\/sites\/161\/2022\/08\/administracja-1024x683.jpeg","type":"","width":"","height":""}],"twitter_card":"summary_large_image","twitter_misc":{"Szacowany czas czytania":"1 minuta"},"schema":{"@context":"https:\/\/schema.org","@graph":[{"@type":"WebPage","@id":"https:\/\/elc.uwr.edu.pl\/pl\/english-for-administration\/","url":"https:\/\/elc.uwr.edu.pl\/pl\/english-for-administration\/","name":"English for Administration - Studium Intensywnej Nauki J\u0119zyka Angielskiego","isPartOf":{"@id":"https:\/\/elc.uwr.edu.pl\/pl\/#website"},"primaryImageOfPage":{"@id":"https:\/\/elc.uwr.edu.pl\/pl\/english-for-administration\/#primaryimage"},"image":{"@id":"https:\/\/elc.uwr.edu.pl\/pl\/english-for-administration\/#primaryimage"},"thumbnailUrl":"https:\/\/elc.uwr.edu.pl\/wp-content\/uploads\/sites\/161\/2022\/08\/administracja-1024x683.jpeg","datePublished":"2022-08-04T11:05:16+00:00","dateModified":"2024-10-02T09:39:44+00:00","description":"Studium Intensywnej Nauki J\u0119zyka Angielskiego","breadcrumb":{"@id":"https:\/\/elc.uwr.edu.pl\/pl\/english-for-administration\/#breadcrumb"},"inLanguage":"pl-PL","potentialAction":[{"@type":"ReadAction","target":["https:\/\/elc.uwr.edu.pl\/pl\/english-for-administration\/"]}]},{"@type":"ImageObject","inLanguage":"pl-PL","@id":"https:\/\/elc.uwr.edu.pl\/pl\/english-for-administration\/#primaryimage","url":"https:\/\/elc.uwr.edu.pl\/wp-content\/uploads\/sites\/161\/2022\/08\/administracja-1024x683.jpeg","contentUrl":"https:\/\/elc.uwr.edu.pl\/wp-content\/uploads\/sites\/161\/2022\/08\/administracja-1024x683.jpeg"},{"@type":"BreadcrumbList","@id":"https:\/\/elc.uwr.edu.pl\/pl\/english-for-administration\/#breadcrumb","itemListElement":[{"@type":"ListItem","position":1,"name":"Strona g\u0142\u00f3wna","item":"https:\/\/elc.uwr.edu.pl\/pl\/"},{"@type":"ListItem","position":2,"name":"English for Administration"}]},{"@type":"WebSite","@id":"https:\/\/elc.uwr.edu.pl\/pl\/#website","url":"https:\/\/elc.uwr.edu.pl\/pl\/","name":"Studium Intensywnej Nauki J\u0119zyka Angielskiego","description":"Kolejna witryna sieci \u201eUWR Witryny\u201d","publisher":{"@id":"https:\/\/elc.uwr.edu.pl\/pl\/#organization"},"potentialAction":[{"@type":"SearchAction","target":{"@type":"EntryPoint","urlTemplate":"https:\/\/elc.uwr.edu.pl\/pl\/?s={search_term_string}"},"query-input":{"@type":"PropertyValueSpecification","valueRequired":true,"valueName":"search_term_string"}}],"inLanguage":"pl-PL"},{"@type":"Organization","@id":"https:\/\/elc.uwr.edu.pl\/pl\/#organization","name":"Studium Intensywnej Nauki J\u0119zyka Angielskiego","url":"https:\/\/elc.uwr.edu.pl\/pl\/","logo":{"@type":"ImageObject","inLanguage":"pl-PL","@id":"https:\/\/elc.uwr.edu.pl\/pl\/#\/schema\/logo\/image\/","url":"https:\/\/elc.uwr.edu.pl\/wp-content\/uploads\/sites\/161\/2025\/10\/UWr-logotyp-2025.png","contentUrl":"https:\/\/elc.uwr.edu.pl\/wp-content\/uploads\/sites\/161\/2025\/10\/UWr-logotyp-2025.png","width":764,"height":269,"caption":"Studium Intensywnej Nauki J\u0119zyka Angielskiego"},"image":{"@id":"https:\/\/elc.uwr.edu.pl\/pl\/#\/schema\/logo\/image\/"}}]}},"publishpress_future_action":{"enabled":false,"date":"2026-05-08 17:37:33","action":"change-status","newStatus":"draft","terms":[],"taxonomy":"category","extraData":[]},"publishpress_future_workflow_manual_trigger":{"enabledWorkflows":[]},"_links":{"self":[{"href":"https:\/\/elc.uwr.edu.pl\/pl\/wp-json\/wp\/v2\/pages\/24392\/"}],"collection":[{"href":"https:\/\/elc.uwr.edu.pl\/pl\/wp-json\/wp\/v2\/pages\/"}],"about":[{"href":"https:\/\/elc.uwr.edu.pl\/pl\/wp-json\/wp\/v2\/types\/page\/"}],"author":[{"embeddable":true,"href":"https:\/\/elc.uwr.edu.pl\/pl\/wp-json\/wp\/v2\/users\/37\/"}],"replies":[{"embeddable":true,"href":"https:\/\/elc.uwr.edu.pl\/pl\/wp-json\/wp\/v2\/comments\/?post=24392"}],"version-history":[{"count":4,"href":"https:\/\/elc.uwr.edu.pl\/pl\/wp-json\/wp\/v2\/pages\/24392\/revisions\/"}],"predecessor-version":[{"id":25103,"href":"https:\/\/elc.uwr.edu.pl\/pl\/wp-json\/wp\/v2\/pages\/24392\/revisions\/25103\/"}],"wp:attachment":[{"href":"https:\/\/elc.uwr.edu.pl\/pl\/wp-json\/wp\/v2\/media\/?parent=24392"}],"wp:term":[{"taxonomy":"category","embeddable":true,"href":"https:\/\/elc.uwr.edu.pl\/pl\/wp-json\/wp\/v2\/categories\/?post=24392"},{"taxonomy":"post_tag","embeddable":true,"href":"https:\/\/elc.uwr.edu.pl\/pl\/wp-json\/wp\/v2\/tags\/?post=24392"}],"curies":[{"name":"wp","href":"https:\/\/api.w.org\/{rel}","templated":true}]}}