{"id":23966,"date":"2022-08-03T11:47:16","date_gmt":"2022-08-03T09:47:16","guid":{"rendered":"https:\/\/elc.uwr.edu.pl\/courses\/registration-and-fees\/"},"modified":"2024-10-02T11:52:37","modified_gmt":"2024-10-02T09:52:37","slug":"registration-and-fees","status":"publish","type":"page","link":"https:\/\/elc.uwr.edu.pl\/pl\/courses\/registration-and-fees\/","title":{"rendered":"Zapisy i op\u0142aty"},"content":{"rendered":"\n<div class=\"wp-block-ugb-container ugb-container blok_nowa_podstrona ugb-8dda971 ugb-container--v2 ugb-container--design-plain ugb-main-block\"><div class=\"ugb-inner-block\"><div class=\"ugb-block-content\"><div class=\"ugb-container__wrapper ugb-8dda971-wrapper\"><div class=\"ugb-container__side\"><div class=\"ugb-container__content-wrapper ugb-8dda971-content-wrapper\">\n<div class=\"wp-block-columns bs-news-page is-layout-flex wp-block-columns-is-layout-flex\">\n<div class=\"wp-block-column bs-kontakt-photo is-layout-flow wp-block-column-is-layout-flow\">\n<figure class=\"wp-block-image size-large\"><img loading=\"lazy\" decoding=\"async\" width=\"683\" height=\"1024\" src=\"https:\/\/elc.uwr.edu.pl\/wp-content\/uploads\/sites\/161\/2022\/08\/Registration-683x1024.jpeg\" alt=\"Registration and fees\" class=\"wp-image-23945\" srcset=\"https:\/\/elc.uwr.edu.pl\/wp-content\/uploads\/sites\/161\/2022\/08\/Registration-683x1024.jpeg 683w, https:\/\/elc.uwr.edu.pl\/wp-content\/uploads\/sites\/161\/2022\/08\/Registration-200x300.jpeg 200w, https:\/\/elc.uwr.edu.pl\/wp-content\/uploads\/sites\/161\/2022\/08\/Registration-768x1151.jpeg 768w, https:\/\/elc.uwr.edu.pl\/wp-content\/uploads\/sites\/161\/2022\/08\/Registration-16x24.jpeg 16w, https:\/\/elc.uwr.edu.pl\/wp-content\/uploads\/sites\/161\/2022\/08\/Registration-24x36.jpeg 24w, https:\/\/elc.uwr.edu.pl\/wp-content\/uploads\/sites\/161\/2022\/08\/Registration-32x48.jpeg 32w, https:\/\/elc.uwr.edu.pl\/wp-content\/uploads\/sites\/161\/2022\/08\/Registration.jpeg 1001w\" sizes=\"auto, (max-width: 683px) 100vw, 683px\" \/><\/figure>\n<\/div>\n\n\n\n<div class=\"wp-block-column bs-contact-right-column is-layout-flow wp-block-column-is-layout-flow\">\n<div class=\"wp-block-bonasoft-modular-breadcrumbs-block\"><div class=\"bs_add_breadcrumb_trail\"><\/div><\/div>\n\n\n\n<hr class=\"wp-block-separator has-text-color has-black-color has-css-opacity has-black-background-color has-background is-style-wide bs-border-kontakt\"\/>\n\n\n<h1 style=\"font-style:normal;font-weight:700;\" class=\"bs-naglowek-podstrony wp-block-post-title\">Zapisy i op\u0142aty<\/h1>\n\n\n<p>Przyj\u0119cia s\u0142uchaczy odbywaj\u0105 si\u0119 na podstawie testu kwalifikacyjnego b\u0105d\u017a jakiegokolwiek certyfikatu. Po zakwalifikowaniu na odpowiedni poziom s\u0142uchacze rezerwuj\u0105 miejsce w grupie i po wniesieniu op\u0142aty okazuj\u0105 dow\u00f3d wp\u0142aty za semestr w sekretariacie Studium. Op\u0142ata za kurs powinna by\u0107 dokonywana przed rozpocz\u0119ciem semestru. Wszelkie zmiany termin\u00f3w i wysoko\u015bci wp\u0142at wymagaj\u0105 zgody Dyrektora Studium. W przypadku rezygnacji z kursu po pierwszym tygodniu przys\u0142uguje prawo zwrotu wniesionej op\u0142aty, za\u015b po tym terminie s\u0142uchacze trac\u0105 prawo do zwrotu op\u0142aty. Osoby rozpoczynaj\u0105ce nauk\u0119 w drugim semestrze dostosowuj\u0105 si\u0119 do cyklu metodycznego obejmuj\u0105cego ca\u0142y rok akademicki.<\/p>\n\n\n\n<p><\/p>\n\n\n\n<p><strong>Nr konta dla wp\u0142at za kursy w Studium Intensywnej Nauki J\u0119zyka Angielskiego:<\/strong><\/p>\n\n\n\n<p>UNIWERSYTET WROC\u0141AWSKI<br>PL. UNIWERSYTECKI 1<br>50 \u2013 137 WROC\u0141AW<br>SANTANDER BANK POLSKA S.A. &nbsp;4 O\/Wroc\u0142aw<br>71 1090 2503 0000 0006 3000 0004<br>tytu\u0142em: BC 720 -10-14-17<\/p>\n<\/div>\n<\/div>\n\n\n\n<div class=\"wp-block-ugb-container ugb-container bs-news-page-under ugb-f8694ce ugb-container--v2 ugb-container--design-plain ugb-main-block\"><div class=\"ugb-inner-block\"><div class=\"ugb-block-content\"><div class=\"ugb-container__wrapper ugb-f8694ce-wrapper\"><div class=\"ugb-container__side\"><div class=\"ugb-container__content-wrapper ugb-f8694ce-content-wrapper\"><\/div><\/div><\/div><\/div><\/div><\/div>\n<\/div><\/div><\/div><\/div><\/div><\/div>\n","protected":false},"excerpt":{"rendered":"<p>Przyj\u0119cia s\u0142uchaczy odbywaj\u0105 si\u0119 na podstawie testu kwalifikacyjnego b\u0105d\u017a jakiegokolwiek certyfikatu. Po zakwalifikowaniu na odpowiedni poziom s\u0142uchacze rezerwuj\u0105 miejsce w grupie i po wniesieniu op\u0142aty okazuj\u0105 dow\u00f3d wp\u0142aty za semestr w sekretariacie Studium. Op\u0142ata za kurs powinna by\u0107 dokonywana przed rozpocz\u0119ciem semestru. Wszelkie zmiany termin\u00f3w i wysoko\u015bci wp\u0142at wymagaj\u0105 zgody Dyrektora Studium. W przypadku rezygnacji [&hellip;]<\/p>\n","protected":false},"author":37,"featured_media":0,"parent":23954,"menu_order":1,"comment_status":"closed","ping_status":"closed","template":"","meta":{"_acf_changed":false,"inline_featured_image":false,"site-sidebar-layout":"default","site-content-layout":"","ast-site-content-layout":"default","site-content-style":"default","site-sidebar-style":"default","ast-global-header-display":"","ast-banner-title-visibility":"","ast-main-header-display":"","ast-hfb-above-header-display":"","ast-hfb-below-header-display":"","ast-hfb-mobile-header-display":"","site-post-title":"","ast-breadcrumbs-content":"","ast-featured-img":"","footer-sml-layout":"","ast-disable-related-posts":"","theme-transparent-header-meta":"","adv-header-id-meta":"","stick-header-meta":"","header-above-stick-meta":"","header-main-stick-meta":"","header-below-stick-meta":"","astra-migrate-meta-layouts":"set","ast-page-background-enabled":"default","ast-page-background-meta":{"desktop":{"background-color":"","background-image":"","background-repeat":"repeat","background-position":"center center","background-size":"auto","background-attachment":"scroll","background-type":"","background-media":"","overlay-type":"","overlay-color":"","overlay-opacity":"","overlay-gradient":""},"tablet":{"background-color":"","background-image":"","background-repeat":"repeat","background-position":"center center","background-size":"auto","background-attachment":"scroll","background-type":"","background-media":"","overlay-type":"","overlay-color":"","overlay-opacity":"","overlay-gradient":""},"mobile":{"background-color":"","background-image":"","background-repeat":"repeat","background-position":"center center","background-size":"auto","background-attachment":"scroll","background-type":"","background-media":"","overlay-type":"","overlay-color":"","overlay-opacity":"","overlay-gradient":""}},"ast-content-background-meta":{"desktop":{"background-color":"var(--ast-global-color-5)","background-image":"","background-repeat":"repeat","background-position":"center center","background-size":"auto","background-attachment":"scroll","background-type":"","background-media":"","overlay-type":"","overlay-color":"","overlay-opacity":"","overlay-gradient":""},"tablet":{"background-color":"var(--ast-global-color-5)","background-image":"","background-repeat":"repeat","background-position":"center center","background-size":"auto","background-attachment":"scroll","background-type":"","background-media":"","overlay-type":"","overlay-color":"","overlay-opacity":"","overlay-gradient":""},"mobile":{"background-color":"var(--ast-global-color-5)","background-image":"","background-repeat":"repeat","background-position":"center center","background-size":"auto","background-attachment":"scroll","background-type":"","background-media":"","overlay-type":"","overlay-color":"","overlay-opacity":"","overlay-gradient":""}},"footnotes":""},"categories":[],"tags":[],"class_list":["post-23966","page","type-page","status-publish","hentry"],"featured_image_urls_v2":{"full":"","thumbnail":"","medium":"","medium_large":"","large":"","1536x1536":"","2048x2048":"","menu-24x24":"","menu-36x36":"","menu-48x48":""},"post_excerpt_stackable_v2":"<p>Zapisy i op\u0142aty Przyj\u0119cia s\u0142uchaczy odbywaj\u0105 si\u0119 na podstawie testu kwalifikacyjnego b\u0105d\u017a jakiegokolwiek certyfikatu. Po zakwalifikowaniu na odpowiedni poziom s\u0142uchacze rezerwuj\u0105 miejsce w grupie i po wniesieniu op\u0142aty okazuj\u0105 dow\u00f3d wp\u0142aty za semestr w sekretariacie Studium. Op\u0142ata za kurs powinna by\u0107 dokonywana przed rozpocz\u0119ciem semestru. Wszelkie zmiany termin\u00f3w i wysoko\u015bci wp\u0142at wymagaj\u0105 zgody Dyrektora Studium. W przypadku rezygnacji z kursu po pierwszym tygodniu przys\u0142uguje prawo zwrotu wniesionej op\u0142aty, za\u015b po tym terminie s\u0142uchacze trac\u0105 prawo do zwrotu op\u0142aty. Osoby rozpoczynaj\u0105ce nauk\u0119 w drugim semestrze dostosowuj\u0105 si\u0119 do cyklu metodycznego obejmuj\u0105cego ca\u0142y rok akademicki. Nr konta dla wp\u0142at za kursy w&hellip;<\/p>\n","category_list_v2":"Bez kategorii","author_info_v2":{"name":"Izabela Jaraszek","url":"https:\/\/elc.uwr.edu.pl\/pl\/author\/ijaraszek\/"},"comments_num_v2":"0 comments","acf":[],"yoast_head":"<!-- This site is optimized with the Yoast SEO plugin v27.1.1 - https:\/\/yoast.com\/product\/yoast-seo-wordpress\/ -->\n<title>Zapisy i op\u0142aty - Studium Intensywnej Nauki J\u0119zyka Angielskiego<\/title>\n<meta name=\"description\" content=\"Studium Intensywnej Nauki J\u0119zyka Angielskiego\" \/>\n<meta name=\"robots\" content=\"index, follow, max-snippet:-1, max-image-preview:large, max-video-preview:-1\" \/>\n<link rel=\"canonical\" href=\"https:\/\/elc.uwr.edu.pl\/pl\/courses\/registration-and-fees\/\" \/>\n<meta property=\"og:locale\" content=\"pl_PL\" \/>\n<meta property=\"og:type\" content=\"article\" \/>\n<meta property=\"og:title\" content=\"Zapisy i op\u0142aty - Studium Intensywnej Nauki J\u0119zyka Angielskiego\" \/>\n<meta property=\"og:description\" content=\"Studium Intensywnej Nauki J\u0119zyka Angielskiego\" \/>\n<meta property=\"og:url\" content=\"https:\/\/elc.uwr.edu.pl\/pl\/courses\/registration-and-fees\/\" \/>\n<meta property=\"og:site_name\" content=\"Studium Intensywnej Nauki J\u0119zyka Angielskiego\" \/>\n<meta property=\"article:modified_time\" content=\"2024-10-02T09:52:37+00:00\" \/>\n<meta property=\"og:image\" content=\"https:\/\/elc.uwr.edu.pl\/wp-content\/uploads\/sites\/161\/2022\/08\/Registration-683x1024.jpeg\" \/>\n<meta name=\"twitter:card\" content=\"summary_large_image\" \/>\n<meta name=\"twitter:label1\" content=\"Szacowany czas czytania\" \/>\n\t<meta name=\"twitter:data1\" content=\"1 minuta\" \/>\n<script type=\"application\/ld+json\" class=\"yoast-schema-graph\">{\"@context\":\"https:\/\/schema.org\",\"@graph\":[{\"@type\":\"WebPage\",\"@id\":\"https:\/\/elc.uwr.edu.pl\/pl\/courses\/registration-and-fees\/\",\"url\":\"https:\/\/elc.uwr.edu.pl\/pl\/courses\/registration-and-fees\/\",\"name\":\"Zapisy i op\u0142aty - Studium Intensywnej Nauki J\u0119zyka Angielskiego\",\"isPartOf\":{\"@id\":\"https:\/\/elc.uwr.edu.pl\/pl\/#website\"},\"primaryImageOfPage\":{\"@id\":\"https:\/\/elc.uwr.edu.pl\/pl\/courses\/registration-and-fees\/#primaryimage\"},\"image\":{\"@id\":\"https:\/\/elc.uwr.edu.pl\/pl\/courses\/registration-and-fees\/#primaryimage\"},\"thumbnailUrl\":\"https:\/\/elc.uwr.edu.pl\/wp-content\/uploads\/sites\/161\/2022\/08\/Registration-683x1024.jpeg\",\"datePublished\":\"2022-08-03T09:47:16+00:00\",\"dateModified\":\"2024-10-02T09:52:37+00:00\",\"description\":\"Studium Intensywnej Nauki J\u0119zyka Angielskiego\",\"breadcrumb\":{\"@id\":\"https:\/\/elc.uwr.edu.pl\/pl\/courses\/registration-and-fees\/#breadcrumb\"},\"inLanguage\":\"pl-PL\",\"potentialAction\":[{\"@type\":\"ReadAction\",\"target\":[\"https:\/\/elc.uwr.edu.pl\/pl\/courses\/registration-and-fees\/\"]}]},{\"@type\":\"ImageObject\",\"inLanguage\":\"pl-PL\",\"@id\":\"https:\/\/elc.uwr.edu.pl\/pl\/courses\/registration-and-fees\/#primaryimage\",\"url\":\"https:\/\/elc.uwr.edu.pl\/wp-content\/uploads\/sites\/161\/2022\/08\/Registration-683x1024.jpeg\",\"contentUrl\":\"https:\/\/elc.uwr.edu.pl\/wp-content\/uploads\/sites\/161\/2022\/08\/Registration-683x1024.jpeg\"},{\"@type\":\"BreadcrumbList\",\"@id\":\"https:\/\/elc.uwr.edu.pl\/pl\/courses\/registration-and-fees\/#breadcrumb\",\"itemListElement\":[{\"@type\":\"ListItem\",\"position\":1,\"name\":\"Strona g\u0142\u00f3wna\",\"item\":\"https:\/\/elc.uwr.edu.pl\/pl\/\"},{\"@type\":\"ListItem\",\"position\":2,\"name\":\"Kursy\",\"item\":\"https:\/\/elc.uwr.edu.pl\/pl\/courses\/\"},{\"@type\":\"ListItem\",\"position\":3,\"name\":\"Zapisy i op\u0142aty\"}]},{\"@type\":\"WebSite\",\"@id\":\"https:\/\/elc.uwr.edu.pl\/pl\/#website\",\"url\":\"https:\/\/elc.uwr.edu.pl\/pl\/\",\"name\":\"Studium Intensywnej Nauki J\u0119zyka Angielskiego\",\"description\":\"Kolejna witryna sieci \u201eUWR Witryny\u201d\",\"publisher\":{\"@id\":\"https:\/\/elc.uwr.edu.pl\/pl\/#organization\"},\"potentialAction\":[{\"@type\":\"SearchAction\",\"target\":{\"@type\":\"EntryPoint\",\"urlTemplate\":\"https:\/\/elc.uwr.edu.pl\/pl\/?s={search_term_string}\"},\"query-input\":{\"@type\":\"PropertyValueSpecification\",\"valueRequired\":true,\"valueName\":\"search_term_string\"}}],\"inLanguage\":\"pl-PL\"},{\"@type\":\"Organization\",\"@id\":\"https:\/\/elc.uwr.edu.pl\/pl\/#organization\",\"name\":\"Studium Intensywnej Nauki J\u0119zyka Angielskiego\",\"url\":\"https:\/\/elc.uwr.edu.pl\/pl\/\",\"logo\":{\"@type\":\"ImageObject\",\"inLanguage\":\"pl-PL\",\"@id\":\"https:\/\/elc.uwr.edu.pl\/pl\/#\/schema\/logo\/image\/\",\"url\":\"https:\/\/elc.uwr.edu.pl\/wp-content\/uploads\/sites\/161\/2025\/10\/UWr-logotyp-2025.png\",\"contentUrl\":\"https:\/\/elc.uwr.edu.pl\/wp-content\/uploads\/sites\/161\/2025\/10\/UWr-logotyp-2025.png\",\"width\":764,\"height\":269,\"caption\":\"Studium Intensywnej Nauki J\u0119zyka Angielskiego\"},\"image\":{\"@id\":\"https:\/\/elc.uwr.edu.pl\/pl\/#\/schema\/logo\/image\/\"}}]}<\/script>\n<!-- \/ Yoast SEO plugin. -->","yoast_head_json":{"title":"Zapisy i op\u0142aty - Studium Intensywnej Nauki J\u0119zyka Angielskiego","description":"Studium Intensywnej Nauki J\u0119zyka Angielskiego","robots":{"index":"index","follow":"follow","max-snippet":"max-snippet:-1","max-image-preview":"max-image-preview:large","max-video-preview":"max-video-preview:-1"},"canonical":"https:\/\/elc.uwr.edu.pl\/pl\/courses\/registration-and-fees\/","og_locale":"pl_PL","og_type":"article","og_title":"Zapisy i op\u0142aty - Studium Intensywnej Nauki J\u0119zyka Angielskiego","og_description":"Studium Intensywnej Nauki J\u0119zyka Angielskiego","og_url":"https:\/\/elc.uwr.edu.pl\/pl\/courses\/registration-and-fees\/","og_site_name":"Studium Intensywnej Nauki J\u0119zyka Angielskiego","article_modified_time":"2024-10-02T09:52:37+00:00","og_image":[{"url":"https:\/\/elc.uwr.edu.pl\/wp-content\/uploads\/sites\/161\/2022\/08\/Registration-683x1024.jpeg","type":"","width":"","height":""}],"twitter_card":"summary_large_image","twitter_misc":{"Szacowany czas czytania":"1 minuta"},"schema":{"@context":"https:\/\/schema.org","@graph":[{"@type":"WebPage","@id":"https:\/\/elc.uwr.edu.pl\/pl\/courses\/registration-and-fees\/","url":"https:\/\/elc.uwr.edu.pl\/pl\/courses\/registration-and-fees\/","name":"Zapisy i op\u0142aty - Studium Intensywnej Nauki J\u0119zyka Angielskiego","isPartOf":{"@id":"https:\/\/elc.uwr.edu.pl\/pl\/#website"},"primaryImageOfPage":{"@id":"https:\/\/elc.uwr.edu.pl\/pl\/courses\/registration-and-fees\/#primaryimage"},"image":{"@id":"https:\/\/elc.uwr.edu.pl\/pl\/courses\/registration-and-fees\/#primaryimage"},"thumbnailUrl":"https:\/\/elc.uwr.edu.pl\/wp-content\/uploads\/sites\/161\/2022\/08\/Registration-683x1024.jpeg","datePublished":"2022-08-03T09:47:16+00:00","dateModified":"2024-10-02T09:52:37+00:00","description":"Studium Intensywnej Nauki J\u0119zyka Angielskiego","breadcrumb":{"@id":"https:\/\/elc.uwr.edu.pl\/pl\/courses\/registration-and-fees\/#breadcrumb"},"inLanguage":"pl-PL","potentialAction":[{"@type":"ReadAction","target":["https:\/\/elc.uwr.edu.pl\/pl\/courses\/registration-and-fees\/"]}]},{"@type":"ImageObject","inLanguage":"pl-PL","@id":"https:\/\/elc.uwr.edu.pl\/pl\/courses\/registration-and-fees\/#primaryimage","url":"https:\/\/elc.uwr.edu.pl\/wp-content\/uploads\/sites\/161\/2022\/08\/Registration-683x1024.jpeg","contentUrl":"https:\/\/elc.uwr.edu.pl\/wp-content\/uploads\/sites\/161\/2022\/08\/Registration-683x1024.jpeg"},{"@type":"BreadcrumbList","@id":"https:\/\/elc.uwr.edu.pl\/pl\/courses\/registration-and-fees\/#breadcrumb","itemListElement":[{"@type":"ListItem","position":1,"name":"Strona g\u0142\u00f3wna","item":"https:\/\/elc.uwr.edu.pl\/pl\/"},{"@type":"ListItem","position":2,"name":"Kursy","item":"https:\/\/elc.uwr.edu.pl\/pl\/courses\/"},{"@type":"ListItem","position":3,"name":"Zapisy i op\u0142aty"}]},{"@type":"WebSite","@id":"https:\/\/elc.uwr.edu.pl\/pl\/#website","url":"https:\/\/elc.uwr.edu.pl\/pl\/","name":"Studium Intensywnej Nauki J\u0119zyka Angielskiego","description":"Kolejna witryna sieci \u201eUWR Witryny\u201d","publisher":{"@id":"https:\/\/elc.uwr.edu.pl\/pl\/#organization"},"potentialAction":[{"@type":"SearchAction","target":{"@type":"EntryPoint","urlTemplate":"https:\/\/elc.uwr.edu.pl\/pl\/?s={search_term_string}"},"query-input":{"@type":"PropertyValueSpecification","valueRequired":true,"valueName":"search_term_string"}}],"inLanguage":"pl-PL"},{"@type":"Organization","@id":"https:\/\/elc.uwr.edu.pl\/pl\/#organization","name":"Studium Intensywnej Nauki J\u0119zyka Angielskiego","url":"https:\/\/elc.uwr.edu.pl\/pl\/","logo":{"@type":"ImageObject","inLanguage":"pl-PL","@id":"https:\/\/elc.uwr.edu.pl\/pl\/#\/schema\/logo\/image\/","url":"https:\/\/elc.uwr.edu.pl\/wp-content\/uploads\/sites\/161\/2025\/10\/UWr-logotyp-2025.png","contentUrl":"https:\/\/elc.uwr.edu.pl\/wp-content\/uploads\/sites\/161\/2025\/10\/UWr-logotyp-2025.png","width":764,"height":269,"caption":"Studium Intensywnej Nauki J\u0119zyka Angielskiego"},"image":{"@id":"https:\/\/elc.uwr.edu.pl\/pl\/#\/schema\/logo\/image\/"}}]}},"publishpress_future_action":{"enabled":false,"date":"2026-05-08 01:48:09","action":"change-status","newStatus":"draft","terms":[],"taxonomy":"category","extraData":[]},"publishpress_future_workflow_manual_trigger":{"enabledWorkflows":[]},"_links":{"self":[{"href":"https:\/\/elc.uwr.edu.pl\/pl\/wp-json\/wp\/v2\/pages\/23966\/"}],"collection":[{"href":"https:\/\/elc.uwr.edu.pl\/pl\/wp-json\/wp\/v2\/pages\/"}],"about":[{"href":"https:\/\/elc.uwr.edu.pl\/pl\/wp-json\/wp\/v2\/types\/page\/"}],"author":[{"embeddable":true,"href":"https:\/\/elc.uwr.edu.pl\/pl\/wp-json\/wp\/v2\/users\/37\/"}],"replies":[{"embeddable":true,"href":"https:\/\/elc.uwr.edu.pl\/pl\/wp-json\/wp\/v2\/comments\/?post=23966"}],"version-history":[{"count":3,"href":"https:\/\/elc.uwr.edu.pl\/pl\/wp-json\/wp\/v2\/pages\/23966\/revisions\/"}],"predecessor-version":[{"id":25112,"href":"https:\/\/elc.uwr.edu.pl\/pl\/wp-json\/wp\/v2\/pages\/23966\/revisions\/25112\/"}],"up":[{"embeddable":true,"href":"https:\/\/elc.uwr.edu.pl\/pl\/wp-json\/wp\/v2\/pages\/23954\/"}],"wp:attachment":[{"href":"https:\/\/elc.uwr.edu.pl\/pl\/wp-json\/wp\/v2\/media\/?parent=23966"}],"wp:term":[{"taxonomy":"category","embeddable":true,"href":"https:\/\/elc.uwr.edu.pl\/pl\/wp-json\/wp\/v2\/categories\/?post=23966"},{"taxonomy":"post_tag","embeddable":true,"href":"https:\/\/elc.uwr.edu.pl\/pl\/wp-json\/wp\/v2\/tags\/?post=23966"}],"curies":[{"name":"wp","href":"https:\/\/api.w.org\/{rel}","templated":true}]}}