{"id":23954,"date":"2022-08-03T11:46:56","date_gmt":"2022-08-03T09:46:56","guid":{"rendered":"https:\/\/elc.uwr.edu.pl\/courses\/"},"modified":"2025-12-02T11:20:32","modified_gmt":"2025-12-02T10:20:32","slug":"courses","status":"publish","type":"page","link":"https:\/\/elc.uwr.edu.pl\/pl\/courses\/","title":{"rendered":"Kursy"},"content":{"rendered":"\n<div class=\"wp-block-ugb-container ugb-container blok_nowa_podstrona ugb-8dda971 ugb-container--v2 ugb-container--design-plain ugb-main-block\"><div class=\"ugb-inner-block\"><div class=\"ugb-block-content\"><div class=\"ugb-container__wrapper ugb-8dda971-wrapper\"><div class=\"ugb-container__side\"><div class=\"ugb-container__content-wrapper ugb-8dda971-content-wrapper\">\n<div class=\"wp-block-columns bs-news-page is-layout-flex wp-block-columns-is-layout-flex\">\n<div class=\"wp-block-column bs-kontakt-photo is-layout-flow wp-block-column-is-layout-flow\">\n<figure class=\"wp-block-image size-large\"><img loading=\"lazy\" decoding=\"async\" width=\"1024\" height=\"576\" src=\"https:\/\/elc.uwr.edu.pl\/wp-content\/uploads\/sites\/161\/2022\/08\/courses-1024x576.jpeg\" alt=\"Courses\" class=\"wp-image-23804\" srcset=\"https:\/\/elc.uwr.edu.pl\/wp-content\/uploads\/sites\/161\/2022\/08\/courses-1024x576.jpeg 1024w, https:\/\/elc.uwr.edu.pl\/wp-content\/uploads\/sites\/161\/2022\/08\/courses-300x169.jpeg 300w, https:\/\/elc.uwr.edu.pl\/wp-content\/uploads\/sites\/161\/2022\/08\/courses-768x432.jpeg 768w, https:\/\/elc.uwr.edu.pl\/wp-content\/uploads\/sites\/161\/2022\/08\/courses-1536x864.jpeg 1536w, https:\/\/elc.uwr.edu.pl\/wp-content\/uploads\/sites\/161\/2022\/08\/courses-2048x1152.jpeg 2048w, https:\/\/elc.uwr.edu.pl\/wp-content\/uploads\/sites\/161\/2022\/08\/courses-1320x743.jpeg 1320w, https:\/\/elc.uwr.edu.pl\/wp-content\/uploads\/sites\/161\/2022\/08\/courses-24x14.jpeg 24w, https:\/\/elc.uwr.edu.pl\/wp-content\/uploads\/sites\/161\/2022\/08\/courses-36x20.jpeg 36w, https:\/\/elc.uwr.edu.pl\/wp-content\/uploads\/sites\/161\/2022\/08\/courses-48x27.jpeg 48w\" sizes=\"auto, (max-width: 1024px) 100vw, 1024px\" \/><\/figure>\n<\/div>\n\n\n\n<div class=\"wp-block-column bs-contact-right-column is-layout-flow wp-block-column-is-layout-flow\">\n<div class=\"wp-block-bonasoft-modular-breadcrumbs-block\"><div class=\"bs_add_breadcrumb_trail\"><\/div><\/div>\n\n\n\n<hr class=\"wp-block-separator has-text-color has-black-color has-css-opacity has-black-background-color has-background is-style-wide bs-border-kontakt\"\/>\n\n\n<h1 style=\"font-style:normal;font-weight:700;\" class=\"bs-naglowek-podstrony wp-block-post-title\">Kursy<\/h1>\n\n\n<p><strong>Studium Intensywnej Nauki J\u0119zyka Angielskiego (SINJA)<\/strong><\/p>\n\n\n\n<p>w roku akademickim 2025\/2026 przedstawia Pa\u0144stwu poszerzon\u0105 ofert\u0119 zaj\u0119\u0107 z j\u0119zyka angielskiego, serdecznie zapraszaj\u0105c <strong>Wszystkich Zainteresowanych<\/strong><\/p>\n\n\n\n<p>na:<\/p>\n\n\n\n<p><strong><u>Kursy<\/u><\/strong><\/p>\n\n\n\n<p><strong>Coroczne kursy dostosowane do precyzyjnych potrzeb:<\/strong><\/p>\n\n\n\n<ul class=\"wp-block-list\">\n<li>nauczycieli akademickich,<\/li>\n\n\n\n<li>administracji UWr,<\/li>\n\n\n\n<li>profesor\u00f3w (w formie indywidualnych zaj\u0119\u0107 Academic English),<\/li>\n\n\n\n<li>student\u00f3w Uniwersytetu Trzeciego Wieku<\/li>\n<\/ul>\n\n\n\n<p><strong><u>Nowa oferta obejmuje:<\/u><\/strong><\/p>\n\n\n\n<ul class=\"wp-block-list\">\n<li>Kursy przygotowuj\u0105ce do uzyskania Certyfikatu znajomo\u015bci j\u0119zyka angielskiego Uniwersytetu Cambridge, Cambridge <strong><em>B2 (First)<\/em><\/strong> language examination<\/li>\n<\/ul>\n\n\n\n<ul class=\"wp-block-list\">\n<li>Kursy przygotowuj\u0105ce do uzyskania Certyfikatu znajomo\u015bci j\u0119zyka angielskiego Uniwersytetu Cambridge, Cambridge <strong><em>C1 (Advanced)<\/em><\/strong> language examination<\/li>\n<\/ul>\n\n\n\n<ul class=\"wp-block-list\">\n<li><strong><em>Talk to me<\/em><\/strong> zaj\u0119cia konwersacyjne maj\u0105ce na celu ulepszenie komunikacji w j\u0119zyku angielskim (r\u00f3\u017cne poziomy zaawansowania)<\/li>\n<\/ul>\n\n\n\n<p><strong><u>Czesne\/ Op\u0142aty<\/u><\/strong><\/p>\n\n\n\n<ul class=\"wp-block-list\">\n<li>Nauczyciele akademiccy oraz personel administracyjny, za zaj\u0119cia grupowe p\u0142ac\u0105:<br><strong>400 z\u0142 na semestr&nbsp; (15 spotka\u0144= 30 godzin zaj\u0119\u0107 w semestrze)<\/strong><\/li>\n\n\n\n<li>Zaj\u0119cia Indywidualne dla profesor\u00f3w (Individual Tutorials):<br><strong>500 z\u0142 na semestr (15 spotka\u0144= 30 godzin zaj\u0119\u0107 w semestrze)<\/strong><\/li>\n\n\n\n<li><strong>Op\u0142ata za zaj\u0119cia j\u0119zykowe student\u00f3w Uniwersytetu Trzeciego Wieku nie ulega zmianie w roku akademickim 2025\/2026<\/strong><\/li>\n<\/ul>\n\n\n\n<p><strong>SERDECZNIE ZAPRASZAMY<\/strong><\/p>\n\n\n\n<p><strong><em>Katarzyna Naglik<\/em><\/strong><\/p>\n\n\n\n<p><strong><em>Dyrektor SINJA<\/em><\/strong><\/p>\n<\/div>\n<\/div>\n\n\n\n<div class=\"wp-block-ugb-container ugb-container bs-news-page-under ugb-f8694ce ugb-container--v2 ugb-container--design-plain ugb-main-block\"><div class=\"ugb-inner-block\"><div class=\"ugb-block-content\"><div class=\"ugb-container__wrapper ugb-f8694ce-wrapper\"><div class=\"ugb-container__side\"><div class=\"ugb-container__content-wrapper ugb-f8694ce-content-wrapper\">\n<p><\/p>\n<\/div><\/div><\/div><\/div><\/div><\/div>\n<\/div><\/div><\/div><\/div><\/div><\/div>\n","protected":false},"excerpt":{"rendered":"<p>Studium Intensywnej Nauki J\u0119zyka Angielskiego (SINJA) w roku akademickim 2025\/2026 przedstawia Pa\u0144stwu poszerzon\u0105 ofert\u0119 zaj\u0119\u0107 z j\u0119zyka angielskiego, serdecznie zapraszaj\u0105c Wszystkich Zainteresowanych na: Kursy Coroczne kursy dostosowane do precyzyjnych potrzeb: Nowa oferta obejmuje: Czesne\/ Op\u0142aty SERDECZNIE ZAPRASZAMY Katarzyna Naglik Dyrektor SINJA<\/p>\n","protected":false},"author":37,"featured_media":0,"parent":0,"menu_order":0,"comment_status":"closed","ping_status":"closed","template":"","meta":{"_acf_changed":false,"inline_featured_image":false,"site-sidebar-layout":"default","site-content-layout":"","ast-site-content-layout":"default","site-content-style":"default","site-sidebar-style":"default","ast-global-header-display":"","ast-banner-title-visibility":"","ast-main-header-display":"","ast-hfb-above-header-display":"","ast-hfb-below-header-display":"","ast-hfb-mobile-header-display":"","site-post-title":"","ast-breadcrumbs-content":"","ast-featured-img":"","footer-sml-layout":"","ast-disable-related-posts":"","theme-transparent-header-meta":"","adv-header-id-meta":"","stick-header-meta":"","header-above-stick-meta":"","header-main-stick-meta":"","header-below-stick-meta":"","astra-migrate-meta-layouts":"set","ast-page-background-enabled":"default","ast-page-background-meta":{"desktop":{"background-color":"","background-image":"","background-repeat":"repeat","background-position":"center center","background-size":"auto","background-attachment":"scroll","background-type":"","background-media":"","overlay-type":"","overlay-color":"","overlay-opacity":"","overlay-gradient":""},"tablet":{"background-color":"","background-image":"","background-repeat":"repeat","background-position":"center center","background-size":"auto","background-attachment":"scroll","background-type":"","background-media":"","overlay-type":"","overlay-color":"","overlay-opacity":"","overlay-gradient":""},"mobile":{"background-color":"","background-image":"","background-repeat":"repeat","background-position":"center center","background-size":"auto","background-attachment":"scroll","background-type":"","background-media":"","overlay-type":"","overlay-color":"","overlay-opacity":"","overlay-gradient":""}},"ast-content-background-meta":{"desktop":{"background-color":"var(--ast-global-color-5)","background-image":"","background-repeat":"repeat","background-position":"center center","background-size":"auto","background-attachment":"scroll","background-type":"","background-media":"","overlay-type":"","overlay-color":"","overlay-opacity":"","overlay-gradient":""},"tablet":{"background-color":"var(--ast-global-color-5)","background-image":"","background-repeat":"repeat","background-position":"center center","background-size":"auto","background-attachment":"scroll","background-type":"","background-media":"","overlay-type":"","overlay-color":"","overlay-opacity":"","overlay-gradient":""},"mobile":{"background-color":"var(--ast-global-color-5)","background-image":"","background-repeat":"repeat","background-position":"center center","background-size":"auto","background-attachment":"scroll","background-type":"","background-media":"","overlay-type":"","overlay-color":"","overlay-opacity":"","overlay-gradient":""}},"footnotes":""},"categories":[],"tags":[],"class_list":["post-23954","page","type-page","status-publish","hentry"],"featured_image_urls_v2":{"full":"","thumbnail":"","medium":"","medium_large":"","large":"","1536x1536":"","2048x2048":"","menu-24x24":"","menu-36x36":"","menu-48x48":""},"post_excerpt_stackable_v2":"<p>Kursy Studium Intensywnej Nauki J\u0119zyka Angielskiego (SINJA) w roku akademickim 2025\/2026 przedstawia Pa\u0144stwu poszerzon\u0105 ofert\u0119 zaj\u0119\u0107 z j\u0119zyka angielskiego, serdecznie zapraszaj\u0105c Wszystkich Zainteresowanych na: Kursy Coroczne kursy dostosowane do precyzyjnych potrzeb: nauczycieli akademickich, administracji UWr, profesor\u00f3w (w formie indywidualnych zaj\u0119\u0107 Academic English), student\u00f3w Uniwersytetu Trzeciego Wieku Nowa oferta obejmuje: Kursy przygotowuj\u0105ce do uzyskania Certyfikatu znajomo\u015bci j\u0119zyka angielskiego Uniwersytetu Cambridge, Cambridge B2 (First) language examination Kursy przygotowuj\u0105ce do uzyskania Certyfikatu znajomo\u015bci j\u0119zyka angielskiego Uniwersytetu Cambridge, Cambridge C1 (Advanced) language examination Talk to me zaj\u0119cia konwersacyjne maj\u0105ce na celu ulepszenie komunikacji w j\u0119zyku angielskim (r\u00f3\u017cne poziomy zaawansowania) Czesne\/ Op\u0142aty Nauczyciele akademiccy oraz&hellip;<\/p>\n","category_list_v2":"Bez kategorii","author_info_v2":{"name":"Izabela Jaraszek","url":"https:\/\/elc.uwr.edu.pl\/pl\/author\/ijaraszek\/"},"comments_num_v2":"0 comments","acf":[],"yoast_head":"<!-- This site is optimized with the Yoast SEO plugin v27.1.1 - https:\/\/yoast.com\/product\/yoast-seo-wordpress\/ -->\n<title>Kursy - Studium Intensywnej Nauki J\u0119zyka Angielskiego<\/title>\n<meta name=\"description\" content=\"Studium Intensywnej Nauki J\u0119zyka Angielskiego\" \/>\n<meta name=\"robots\" content=\"index, follow, max-snippet:-1, max-image-preview:large, max-video-preview:-1\" \/>\n<link rel=\"canonical\" href=\"https:\/\/elc.uwr.edu.pl\/pl\/courses\/\" \/>\n<meta property=\"og:locale\" content=\"pl_PL\" \/>\n<meta property=\"og:type\" content=\"article\" \/>\n<meta property=\"og:title\" content=\"Kursy - Studium Intensywnej Nauki J\u0119zyka Angielskiego\" \/>\n<meta property=\"og:description\" content=\"Studium Intensywnej Nauki J\u0119zyka Angielskiego\" \/>\n<meta property=\"og:url\" content=\"https:\/\/elc.uwr.edu.pl\/pl\/courses\/\" \/>\n<meta property=\"og:site_name\" content=\"Studium Intensywnej Nauki J\u0119zyka Angielskiego\" \/>\n<meta property=\"article:modified_time\" content=\"2025-12-02T10:20:32+00:00\" \/>\n<meta property=\"og:image\" content=\"https:\/\/elc.uwr.edu.pl\/wp-content\/uploads\/sites\/161\/2022\/08\/courses.jpeg\" \/>\n\t<meta property=\"og:image:width\" content=\"2520\" \/>\n\t<meta property=\"og:image:height\" content=\"1418\" \/>\n\t<meta property=\"og:image:type\" content=\"image\/jpeg\" \/>\n<meta name=\"twitter:card\" content=\"summary_large_image\" \/>\n<meta name=\"twitter:label1\" content=\"Szacowany czas czytania\" \/>\n\t<meta name=\"twitter:data1\" content=\"2 minuty\" \/>\n<script type=\"application\/ld+json\" class=\"yoast-schema-graph\">{\"@context\":\"https:\/\/schema.org\",\"@graph\":[{\"@type\":\"WebPage\",\"@id\":\"https:\/\/elc.uwr.edu.pl\/pl\/courses\/\",\"url\":\"https:\/\/elc.uwr.edu.pl\/pl\/courses\/\",\"name\":\"Kursy - Studium Intensywnej Nauki J\u0119zyka Angielskiego\",\"isPartOf\":{\"@id\":\"https:\/\/elc.uwr.edu.pl\/pl\/#website\"},\"primaryImageOfPage\":{\"@id\":\"https:\/\/elc.uwr.edu.pl\/pl\/courses\/#primaryimage\"},\"image\":{\"@id\":\"https:\/\/elc.uwr.edu.pl\/pl\/courses\/#primaryimage\"},\"thumbnailUrl\":\"https:\/\/elc.uwr.edu.pl\/wp-content\/uploads\/sites\/161\/2022\/08\/courses-1024x576.jpeg\",\"datePublished\":\"2022-08-03T09:46:56+00:00\",\"dateModified\":\"2025-12-02T10:20:32+00:00\",\"description\":\"Studium Intensywnej Nauki J\u0119zyka Angielskiego\",\"breadcrumb\":{\"@id\":\"https:\/\/elc.uwr.edu.pl\/pl\/courses\/#breadcrumb\"},\"inLanguage\":\"pl-PL\",\"potentialAction\":[{\"@type\":\"ReadAction\",\"target\":[\"https:\/\/elc.uwr.edu.pl\/pl\/courses\/\"]}]},{\"@type\":\"ImageObject\",\"inLanguage\":\"pl-PL\",\"@id\":\"https:\/\/elc.uwr.edu.pl\/pl\/courses\/#primaryimage\",\"url\":\"https:\/\/elc.uwr.edu.pl\/wp-content\/uploads\/sites\/161\/2022\/08\/courses-1024x576.jpeg\",\"contentUrl\":\"https:\/\/elc.uwr.edu.pl\/wp-content\/uploads\/sites\/161\/2022\/08\/courses-1024x576.jpeg\"},{\"@type\":\"BreadcrumbList\",\"@id\":\"https:\/\/elc.uwr.edu.pl\/pl\/courses\/#breadcrumb\",\"itemListElement\":[{\"@type\":\"ListItem\",\"position\":1,\"name\":\"Strona g\u0142\u00f3wna\",\"item\":\"https:\/\/elc.uwr.edu.pl\/pl\/\"},{\"@type\":\"ListItem\",\"position\":2,\"name\":\"Kursy\"}]},{\"@type\":\"WebSite\",\"@id\":\"https:\/\/elc.uwr.edu.pl\/pl\/#website\",\"url\":\"https:\/\/elc.uwr.edu.pl\/pl\/\",\"name\":\"Studium Intensywnej Nauki J\u0119zyka Angielskiego\",\"description\":\"Kolejna witryna sieci \u201eUWR Witryny\u201d\",\"publisher\":{\"@id\":\"https:\/\/elc.uwr.edu.pl\/pl\/#organization\"},\"potentialAction\":[{\"@type\":\"SearchAction\",\"target\":{\"@type\":\"EntryPoint\",\"urlTemplate\":\"https:\/\/elc.uwr.edu.pl\/pl\/?s={search_term_string}\"},\"query-input\":{\"@type\":\"PropertyValueSpecification\",\"valueRequired\":true,\"valueName\":\"search_term_string\"}}],\"inLanguage\":\"pl-PL\"},{\"@type\":\"Organization\",\"@id\":\"https:\/\/elc.uwr.edu.pl\/pl\/#organization\",\"name\":\"Studium Intensywnej Nauki J\u0119zyka Angielskiego\",\"url\":\"https:\/\/elc.uwr.edu.pl\/pl\/\",\"logo\":{\"@type\":\"ImageObject\",\"inLanguage\":\"pl-PL\",\"@id\":\"https:\/\/elc.uwr.edu.pl\/pl\/#\/schema\/logo\/image\/\",\"url\":\"https:\/\/elc.uwr.edu.pl\/wp-content\/uploads\/sites\/161\/2025\/10\/UWr-logotyp-2025.png\",\"contentUrl\":\"https:\/\/elc.uwr.edu.pl\/wp-content\/uploads\/sites\/161\/2025\/10\/UWr-logotyp-2025.png\",\"width\":764,\"height\":269,\"caption\":\"Studium Intensywnej Nauki J\u0119zyka Angielskiego\"},\"image\":{\"@id\":\"https:\/\/elc.uwr.edu.pl\/pl\/#\/schema\/logo\/image\/\"}}]}<\/script>\n<!-- \/ Yoast SEO plugin. -->","yoast_head_json":{"title":"Kursy - Studium Intensywnej Nauki J\u0119zyka Angielskiego","description":"Studium Intensywnej Nauki J\u0119zyka Angielskiego","robots":{"index":"index","follow":"follow","max-snippet":"max-snippet:-1","max-image-preview":"max-image-preview:large","max-video-preview":"max-video-preview:-1"},"canonical":"https:\/\/elc.uwr.edu.pl\/pl\/courses\/","og_locale":"pl_PL","og_type":"article","og_title":"Kursy - Studium Intensywnej Nauki J\u0119zyka Angielskiego","og_description":"Studium Intensywnej Nauki J\u0119zyka Angielskiego","og_url":"https:\/\/elc.uwr.edu.pl\/pl\/courses\/","og_site_name":"Studium Intensywnej Nauki J\u0119zyka Angielskiego","article_modified_time":"2025-12-02T10:20:32+00:00","og_image":[{"width":2520,"height":1418,"url":"https:\/\/elc.uwr.edu.pl\/wp-content\/uploads\/sites\/161\/2022\/08\/courses.jpeg","type":"image\/jpeg"}],"twitter_card":"summary_large_image","twitter_misc":{"Szacowany czas czytania":"2 minuty"},"schema":{"@context":"https:\/\/schema.org","@graph":[{"@type":"WebPage","@id":"https:\/\/elc.uwr.edu.pl\/pl\/courses\/","url":"https:\/\/elc.uwr.edu.pl\/pl\/courses\/","name":"Kursy - Studium Intensywnej Nauki J\u0119zyka Angielskiego","isPartOf":{"@id":"https:\/\/elc.uwr.edu.pl\/pl\/#website"},"primaryImageOfPage":{"@id":"https:\/\/elc.uwr.edu.pl\/pl\/courses\/#primaryimage"},"image":{"@id":"https:\/\/elc.uwr.edu.pl\/pl\/courses\/#primaryimage"},"thumbnailUrl":"https:\/\/elc.uwr.edu.pl\/wp-content\/uploads\/sites\/161\/2022\/08\/courses-1024x576.jpeg","datePublished":"2022-08-03T09:46:56+00:00","dateModified":"2025-12-02T10:20:32+00:00","description":"Studium Intensywnej Nauki J\u0119zyka Angielskiego","breadcrumb":{"@id":"https:\/\/elc.uwr.edu.pl\/pl\/courses\/#breadcrumb"},"inLanguage":"pl-PL","potentialAction":[{"@type":"ReadAction","target":["https:\/\/elc.uwr.edu.pl\/pl\/courses\/"]}]},{"@type":"ImageObject","inLanguage":"pl-PL","@id":"https:\/\/elc.uwr.edu.pl\/pl\/courses\/#primaryimage","url":"https:\/\/elc.uwr.edu.pl\/wp-content\/uploads\/sites\/161\/2022\/08\/courses-1024x576.jpeg","contentUrl":"https:\/\/elc.uwr.edu.pl\/wp-content\/uploads\/sites\/161\/2022\/08\/courses-1024x576.jpeg"},{"@type":"BreadcrumbList","@id":"https:\/\/elc.uwr.edu.pl\/pl\/courses\/#breadcrumb","itemListElement":[{"@type":"ListItem","position":1,"name":"Strona g\u0142\u00f3wna","item":"https:\/\/elc.uwr.edu.pl\/pl\/"},{"@type":"ListItem","position":2,"name":"Kursy"}]},{"@type":"WebSite","@id":"https:\/\/elc.uwr.edu.pl\/pl\/#website","url":"https:\/\/elc.uwr.edu.pl\/pl\/","name":"Studium Intensywnej Nauki J\u0119zyka Angielskiego","description":"Kolejna witryna sieci \u201eUWR Witryny\u201d","publisher":{"@id":"https:\/\/elc.uwr.edu.pl\/pl\/#organization"},"potentialAction":[{"@type":"SearchAction","target":{"@type":"EntryPoint","urlTemplate":"https:\/\/elc.uwr.edu.pl\/pl\/?s={search_term_string}"},"query-input":{"@type":"PropertyValueSpecification","valueRequired":true,"valueName":"search_term_string"}}],"inLanguage":"pl-PL"},{"@type":"Organization","@id":"https:\/\/elc.uwr.edu.pl\/pl\/#organization","name":"Studium Intensywnej Nauki J\u0119zyka Angielskiego","url":"https:\/\/elc.uwr.edu.pl\/pl\/","logo":{"@type":"ImageObject","inLanguage":"pl-PL","@id":"https:\/\/elc.uwr.edu.pl\/pl\/#\/schema\/logo\/image\/","url":"https:\/\/elc.uwr.edu.pl\/wp-content\/uploads\/sites\/161\/2025\/10\/UWr-logotyp-2025.png","contentUrl":"https:\/\/elc.uwr.edu.pl\/wp-content\/uploads\/sites\/161\/2025\/10\/UWr-logotyp-2025.png","width":764,"height":269,"caption":"Studium Intensywnej Nauki J\u0119zyka Angielskiego"},"image":{"@id":"https:\/\/elc.uwr.edu.pl\/pl\/#\/schema\/logo\/image\/"}}]}},"publishpress_future_action":{"enabled":false,"date":"2026-05-08 19:23:45","action":"change-status","newStatus":"draft","terms":[],"taxonomy":"category","extraData":[]},"publishpress_future_workflow_manual_trigger":{"enabledWorkflows":[]},"_links":{"self":[{"href":"https:\/\/elc.uwr.edu.pl\/pl\/wp-json\/wp\/v2\/pages\/23954\/"}],"collection":[{"href":"https:\/\/elc.uwr.edu.pl\/pl\/wp-json\/wp\/v2\/pages\/"}],"about":[{"href":"https:\/\/elc.uwr.edu.pl\/pl\/wp-json\/wp\/v2\/types\/page\/"}],"author":[{"embeddable":true,"href":"https:\/\/elc.uwr.edu.pl\/pl\/wp-json\/wp\/v2\/users\/37\/"}],"replies":[{"embeddable":true,"href":"https:\/\/elc.uwr.edu.pl\/pl\/wp-json\/wp\/v2\/comments\/?post=23954"}],"version-history":[{"count":5,"href":"https:\/\/elc.uwr.edu.pl\/pl\/wp-json\/wp\/v2\/pages\/23954\/revisions\/"}],"predecessor-version":[{"id":25417,"href":"https:\/\/elc.uwr.edu.pl\/pl\/wp-json\/wp\/v2\/pages\/23954\/revisions\/25417\/"}],"wp:attachment":[{"href":"https:\/\/elc.uwr.edu.pl\/pl\/wp-json\/wp\/v2\/media\/?parent=23954"}],"wp:term":[{"taxonomy":"category","embeddable":true,"href":"https:\/\/elc.uwr.edu.pl\/pl\/wp-json\/wp\/v2\/categories\/?post=23954"},{"taxonomy":"post_tag","embeddable":true,"href":"https:\/\/elc.uwr.edu.pl\/pl\/wp-json\/wp\/v2\/tags\/?post=23954"}],"curies":[{"name":"wp","href":"https:\/\/api.w.org\/{rel}","templated":true}]}}