{"id":23690,"date":"2022-08-03T11:32:33","date_gmt":"2022-08-03T09:32:33","guid":{"rendered":"https:\/\/elc.uwr.edu.pl\/supporting-staff\/"},"modified":"2022-08-03T11:41:16","modified_gmt":"2022-08-03T09:41:16","slug":"supporting-staff","status":"publish","type":"page","link":"https:\/\/elc.uwr.edu.pl\/pl\/supporting-staff\/","title":{"rendered":"Pracownicy pomocniczy"},"content":{"rendered":"\n<div class=\"alignfull wp-block-ugb-container ugb-container bs-page-margin-top ugb-12c4a27 ugb-container--v2 ugb-container--design-plain ugb-main-block\"><style>@media screen and (min-width:768px){.ugb-12c4a27.ugb-container{margin-bottom:0px !important;padding-right:0px !important;padding-bottom:50px !important;padding-left:0px !important}}@media screen and (min-width:768px){.ugb-12c4a27 > .ugb-inner-block > .ugb-block-content > *{padding-top:0px !important;padding-bottom:0px !important;padding-right:0px !important;padding-left:0px !important}}<\/style><div class=\"ugb-inner-block\"><div class=\"ugb-block-content\"><div class=\"ugb-container__wrapper ugb-12c4a27-wrapper\"><div class=\"ugb-container__side\"><div class=\"ugb-container__content-wrapper ugb-12c4a27-content-wrapper\">\n<div class=\"wp-block-media-text alignwide is-stacked-on-mobile is-vertically-aligned-top is-image-fill bs-naglowek-szablonu-kolumny\"><figure class=\"wp-block-media-text__media\" style=\"background-image:url(https:\/\/elc.uwr.edu.pl\/wp-content\/uploads\/sites\/161\/2022\/08\/supporting-683x1024.webp);background-position:50% 50%\"><img loading=\"lazy\" decoding=\"async\" width=\"683\" height=\"1024\" src=\"https:\/\/elc.uwr.edu.pl\/wp-content\/uploads\/sites\/161\/2022\/08\/supporting-683x1024.webp\" alt=\"Supporting staff\" class=\"wp-image-23684 size-full\" srcset=\"https:\/\/elc.uwr.edu.pl\/wp-content\/uploads\/sites\/161\/2022\/08\/supporting-683x1024.webp 683w, https:\/\/elc.uwr.edu.pl\/wp-content\/uploads\/sites\/161\/2022\/08\/supporting-200x300.webp 200w, https:\/\/elc.uwr.edu.pl\/wp-content\/uploads\/sites\/161\/2022\/08\/supporting-768x1152.webp 768w, https:\/\/elc.uwr.edu.pl\/wp-content\/uploads\/sites\/161\/2022\/08\/supporting-16x24.webp 16w, https:\/\/elc.uwr.edu.pl\/wp-content\/uploads\/sites\/161\/2022\/08\/supporting-24x36.webp 24w, https:\/\/elc.uwr.edu.pl\/wp-content\/uploads\/sites\/161\/2022\/08\/supporting-32x48.webp 32w, https:\/\/elc.uwr.edu.pl\/wp-content\/uploads\/sites\/161\/2022\/08\/supporting.webp 1000w\" sizes=\"auto, (max-width: 683px) 100vw, 683px\" \/><\/figure><div class=\"wp-block-media-text__content\">\n<div class=\"wp-block-bonasoft-modular-breadcrumbs-block\"><div class=\"bs_add_breadcrumb_trail\"><\/div><\/div>\n\n\n\n<hr class=\"wp-block-separator has-text-color has-background has-black-background-color has-black-color is-style-wide bs-border-kontakt\"\/>\n\n\n<h1 style=\"font-style:normal;font-weight:700;\" class=\"bs-naglowek-podstrony wp-block-post-title\">Pracownicy pomocniczy<\/h1>\n\n\n<div style=\"height:50px\" aria-hidden=\"true\" class=\"wp-block-spacer\"><\/div>\n\n\n\n<p>Nauczyciele Studium to wysoko wykwalifikowani specjali\u015bci o du\u017cym do\u015bwiadczeniu dydaktycznym, a specyficzny tryb nauki w Studium pozwala na skuteczne przygotowanie s\u0142uchaczy zar\u00f3wno do egzamin\u00f3w j\u0119zykowych na r\u00f3\u017cnych poziomach zaawansowania jak i do swobodnego pos\u0142ugiwania si\u0119 j\u0119zykiem angielskim na codzie\u0144.<\/p>\n<\/div><\/div>\n\n\n\n<div class=\"wp-block-ugb-container ugb-container ugb-002ab8b ugb-container--v2 ugb-container--design-plain ugb-main-block\"><style>@media screen and (min-width:768px){.ugb-002ab8b.ugb-container{margin-bottom:0% !important;margin-right:6% !important;margin-left:6% !important}}@media screen and (min-width:768px){.ugb-002ab8b > .ugb-inner-block > .ugb-block-content > *{padding-top:0px !important;padding-bottom:0px !important;padding-right:0px !important;padding-left:0px !important}}<\/style><div class=\"ugb-inner-block\"><div class=\"ugb-block-content\"><div class=\"ugb-container__wrapper ugb-002ab8b-wrapper\"><div class=\"ugb-container__side\"><div class=\"ugb-container__content-wrapper ugb-002ab8b-content-wrapper\">\n<h2 class=\"wp-block-heading\"><strong>KONSULTACJE<\/strong><\/h2>\n\n\n\n<div class=\"wp-block-ugb-columns ugb-columns ugb-1e69b3b ugb-columns--design-plain ugb-columns--columns-2 ugb-main-block\"><div class=\"ugb-inner-block\"><div class=\"ugb-block-content\"><div class=\"ugb-columns__item ugb-1e69b3b-content-wrapper\">\n<div class=\"wp-block-ugb-column ugb-column ugb-2684867 ugb-column--design-plain ugb-main-block\"><div class=\"ugb-inner-block\"><div class=\"ugb-block-content\"><div class=\"ugb-column__item ugb-2684867-column-wrapper\"><div class=\"ugb-column__content-wrapper\">\n<h2 class=\"naglowek-wladze wp-block-heading\"><strong>ANNA BILI\u0143SKA<\/strong><\/h2>\n\n\n\n<p class=\"bs-kontakt-text\">tel. +48 00 000 00 00<br>e-mail:&nbsp;<\/p>\n\n\n\n<p class=\"bs-kontakt-text bs-kontakt-text-wstep-lista\"><\/p>\n<\/div><\/div><\/div><\/div><\/div>\n\n\n\n<div class=\"wp-block-ugb-column ugb-column ugb-0699a89 ugb-column--design-plain ugb-main-block\"><div class=\"ugb-inner-block\"><div class=\"ugb-block-content\"><div class=\"ugb-column__item ugb-0699a89-column-wrapper\"><div class=\"ugb-column__content-wrapper\">\n<h2 class=\"naglowek-wladze wp-block-heading\"><strong>TARA INGRID HORGAN<\/strong><\/h2>\n\n\n\n<p class=\"bs-kontakt-text\">tel. +48 00 000 00 00<br>e-mail:&nbsp;<\/p>\n<\/div><\/div><\/div><\/div><\/div>\n<\/div><\/div><\/div><\/div>\n\n\n\n<div class=\"wp-block-ugb-columns ugb-columns ugb-544bb31 ugb-columns--design-plain ugb-columns--columns-2 ugb-main-block\"><div class=\"ugb-inner-block\"><div class=\"ugb-block-content\"><div class=\"ugb-columns__item ugb-544bb31-content-wrapper\">\n<div class=\"wp-block-ugb-column ugb-column ugb-a4a11c0 ugb-column--design-plain ugb-main-block\"><div class=\"ugb-inner-block\"><div class=\"ugb-block-content\"><div class=\"ugb-column__item ugb-a4a11c0-column-wrapper\"><div class=\"ugb-column__content-wrapper\">\n<h2 class=\"naglowek-wladze wp-block-heading\"><strong>JASON SCHOCK<\/strong><\/h2>\n\n\n\n<p class=\"bs-kontakt-text\">tel. +48 00 000 00 00<br>e-mail:&nbsp;<\/p>\n\n\n\n<p><\/p>\n<\/div><\/div><\/div><\/div><\/div>\n\n\n\n<div class=\"wp-block-ugb-column ugb-column ugb-5685cbf ugb-column--design-plain ugb-main-block\"><div class=\"ugb-inner-block\"><div class=\"ugb-block-content\"><div class=\"ugb-column__item ugb-5685cbf-column-wrapper\"><div class=\"ugb-column__content-wrapper\"><\/div><\/div><\/div><\/div><\/div>\n<\/div><\/div><\/div><\/div>\n<\/div><\/div><\/div><\/div><\/div><\/div>\n<\/div><\/div><\/div><\/div><\/div><\/div>\n","protected":false},"excerpt":{"rendered":"<p>Nauczyciele Studium to wysoko wykwalifikowani specjali\u015bci o du\u017cym do\u015bwiadczeniu dydaktycznym, a specyficzny tryb nauki w Studium pozwala na skuteczne przygotowanie s\u0142uchaczy zar\u00f3wno do egzamin\u00f3w j\u0119zykowych na r\u00f3\u017cnych poziomach zaawansowania jak i do swobodnego pos\u0142ugiwania si\u0119 j\u0119zykiem angielskim na codzie\u0144. KONSULTACJE ANNA BILI\u0143SKA tel. +48 00 000 00 00e-mail:&nbsp; TARA INGRID HORGAN tel. +48 00 000 [&hellip;]<\/p>\n","protected":false},"author":37,"featured_media":0,"parent":0,"menu_order":0,"comment_status":"closed","ping_status":"closed","template":"","meta":{"_acf_changed":false,"inline_featured_image":false,"site-sidebar-layout":"default","site-content-layout":"","ast-site-content-layout":"default","site-content-style":"default","site-sidebar-style":"default","ast-global-header-display":"","ast-banner-title-visibility":"","ast-main-header-display":"","ast-hfb-above-header-display":"","ast-hfb-below-header-display":"","ast-hfb-mobile-header-display":"","site-post-title":"","ast-breadcrumbs-content":"","ast-featured-img":"","footer-sml-layout":"","ast-disable-related-posts":"","theme-transparent-header-meta":"","adv-header-id-meta":"","stick-header-meta":"","header-above-stick-meta":"","header-main-stick-meta":"","header-below-stick-meta":"","astra-migrate-meta-layouts":"default","ast-page-background-enabled":"default","ast-page-background-meta":{"desktop":{"background-color":"","background-image":"","background-repeat":"repeat","background-position":"center center","background-size":"auto","background-attachment":"scroll","background-type":"","background-media":"","overlay-type":"","overlay-color":"","overlay-opacity":"","overlay-gradient":""},"tablet":{"background-color":"","background-image":"","background-repeat":"repeat","background-position":"center center","background-size":"auto","background-attachment":"scroll","background-type":"","background-media":"","overlay-type":"","overlay-color":"","overlay-opacity":"","overlay-gradient":""},"mobile":{"background-color":"","background-image":"","background-repeat":"repeat","background-position":"center center","background-size":"auto","background-attachment":"scroll","background-type":"","background-media":"","overlay-type":"","overlay-color":"","overlay-opacity":"","overlay-gradient":""}},"ast-content-background-meta":{"desktop":{"background-color":"var(--ast-global-color-5)","background-image":"","background-repeat":"repeat","background-position":"center center","background-size":"auto","background-attachment":"scroll","background-type":"","background-media":"","overlay-type":"","overlay-color":"","overlay-opacity":"","overlay-gradient":""},"tablet":{"background-color":"var(--ast-global-color-5)","background-image":"","background-repeat":"repeat","background-position":"center center","background-size":"auto","background-attachment":"scroll","background-type":"","background-media":"","overlay-type":"","overlay-color":"","overlay-opacity":"","overlay-gradient":""},"mobile":{"background-color":"var(--ast-global-color-5)","background-image":"","background-repeat":"repeat","background-position":"center center","background-size":"auto","background-attachment":"scroll","background-type":"","background-media":"","overlay-type":"","overlay-color":"","overlay-opacity":"","overlay-gradient":""}},"footnotes":""},"categories":[],"tags":[],"class_list":["post-23690","page","type-page","status-publish","hentry"],"featured_image_urls_v2":{"full":"","thumbnail":"","medium":"","medium_large":"","large":"","1536x1536":"","2048x2048":"","menu-24x24":"","menu-36x36":"","menu-48x48":""},"post_excerpt_stackable_v2":"<p>Pracownicy pomocniczy Nauczyciele Studium to wysoko wykwalifikowani specjali\u015bci o du\u017cym do\u015bwiadczeniu dydaktycznym, a specyficzny tryb nauki w Studium pozwala na skuteczne przygotowanie s\u0142uchaczy zar\u00f3wno do egzamin\u00f3w j\u0119zykowych na r\u00f3\u017cnych poziomach zaawansowania jak i do swobodnego pos\u0142ugiwania si\u0119 j\u0119zykiem angielskim na codzie\u0144. KONSULTACJE ANNA BILI\u0143SKA tel. +48 00 000 00 00e-mail:&nbsp; TARA INGRID HORGAN tel. +48 00 000 00 00e-mail:&nbsp; JASON SCHOCK tel. +48 00 000 00 00e-mail:&nbsp;<\/p>\n","category_list_v2":"Bez kategorii","author_info_v2":{"name":"Izabela Jaraszek","url":"https:\/\/elc.uwr.edu.pl\/pl\/author\/ijaraszek\/"},"comments_num_v2":"0 comments","acf":[],"yoast_head":"<!-- This site is optimized with the Yoast SEO plugin v27.1.1 - https:\/\/yoast.com\/product\/yoast-seo-wordpress\/ -->\n<title>Pracownicy pomocniczy - Studium Intensywnej Nauki J\u0119zyka Angielskiego<\/title>\n<meta name=\"description\" content=\"Studium Intensywnej Nauki J\u0119zyka Angielskiego\" \/>\n<meta name=\"robots\" content=\"index, follow, max-snippet:-1, max-image-preview:large, max-video-preview:-1\" \/>\n<link rel=\"canonical\" href=\"https:\/\/elc.uwr.edu.pl\/pl\/supporting-staff\/\" \/>\n<meta property=\"og:locale\" content=\"pl_PL\" \/>\n<meta property=\"og:type\" content=\"article\" \/>\n<meta property=\"og:title\" content=\"Pracownicy pomocniczy - Studium Intensywnej Nauki J\u0119zyka Angielskiego\" \/>\n<meta property=\"og:description\" content=\"Studium Intensywnej Nauki J\u0119zyka Angielskiego\" \/>\n<meta property=\"og:url\" content=\"https:\/\/elc.uwr.edu.pl\/pl\/supporting-staff\/\" \/>\n<meta property=\"og:site_name\" content=\"Studium Intensywnej Nauki J\u0119zyka Angielskiego\" \/>\n<meta property=\"article:modified_time\" content=\"2022-08-03T09:41:16+00:00\" \/>\n<meta property=\"og:image\" content=\"https:\/\/elc.uwr.edu.pl\/wp-content\/uploads\/sites\/161\/2022\/08\/supporting-683x1024.webp\" \/>\n<meta name=\"twitter:card\" content=\"summary_large_image\" \/>\n<meta name=\"twitter:label1\" content=\"Szacowany czas czytania\" \/>\n\t<meta name=\"twitter:data1\" content=\"1 minuta\" \/>\n<script type=\"application\/ld+json\" class=\"yoast-schema-graph\">{\"@context\":\"https:\/\/schema.org\",\"@graph\":[{\"@type\":\"WebPage\",\"@id\":\"https:\/\/elc.uwr.edu.pl\/pl\/supporting-staff\/\",\"url\":\"https:\/\/elc.uwr.edu.pl\/pl\/supporting-staff\/\",\"name\":\"Pracownicy pomocniczy - Studium Intensywnej Nauki J\u0119zyka Angielskiego\",\"isPartOf\":{\"@id\":\"https:\/\/elc.uwr.edu.pl\/pl\/#website\"},\"primaryImageOfPage\":{\"@id\":\"https:\/\/elc.uwr.edu.pl\/pl\/supporting-staff\/#primaryimage\"},\"image\":{\"@id\":\"https:\/\/elc.uwr.edu.pl\/pl\/supporting-staff\/#primaryimage\"},\"thumbnailUrl\":\"https:\/\/elc.uwr.edu.pl\/wp-content\/uploads\/sites\/161\/2022\/08\/supporting-683x1024.webp\",\"datePublished\":\"2022-08-03T09:32:33+00:00\",\"dateModified\":\"2022-08-03T09:41:16+00:00\",\"description\":\"Studium Intensywnej Nauki J\u0119zyka Angielskiego\",\"breadcrumb\":{\"@id\":\"https:\/\/elc.uwr.edu.pl\/pl\/supporting-staff\/#breadcrumb\"},\"inLanguage\":\"pl-PL\",\"potentialAction\":[{\"@type\":\"ReadAction\",\"target\":[\"https:\/\/elc.uwr.edu.pl\/pl\/supporting-staff\/\"]}]},{\"@type\":\"ImageObject\",\"inLanguage\":\"pl-PL\",\"@id\":\"https:\/\/elc.uwr.edu.pl\/pl\/supporting-staff\/#primaryimage\",\"url\":\"https:\/\/elc.uwr.edu.pl\/wp-content\/uploads\/sites\/161\/2022\/08\/supporting-683x1024.webp\",\"contentUrl\":\"https:\/\/elc.uwr.edu.pl\/wp-content\/uploads\/sites\/161\/2022\/08\/supporting-683x1024.webp\"},{\"@type\":\"BreadcrumbList\",\"@id\":\"https:\/\/elc.uwr.edu.pl\/pl\/supporting-staff\/#breadcrumb\",\"itemListElement\":[{\"@type\":\"ListItem\",\"position\":1,\"name\":\"Strona g\u0142\u00f3wna\",\"item\":\"https:\/\/elc.uwr.edu.pl\/pl\/\"},{\"@type\":\"ListItem\",\"position\":2,\"name\":\"Pracownicy pomocniczy\"}]},{\"@type\":\"WebSite\",\"@id\":\"https:\/\/elc.uwr.edu.pl\/pl\/#website\",\"url\":\"https:\/\/elc.uwr.edu.pl\/pl\/\",\"name\":\"Studium Intensywnej Nauki J\u0119zyka Angielskiego\",\"description\":\"Kolejna witryna sieci \u201eUWR Witryny\u201d\",\"publisher\":{\"@id\":\"https:\/\/elc.uwr.edu.pl\/pl\/#organization\"},\"potentialAction\":[{\"@type\":\"SearchAction\",\"target\":{\"@type\":\"EntryPoint\",\"urlTemplate\":\"https:\/\/elc.uwr.edu.pl\/pl\/?s={search_term_string}\"},\"query-input\":{\"@type\":\"PropertyValueSpecification\",\"valueRequired\":true,\"valueName\":\"search_term_string\"}}],\"inLanguage\":\"pl-PL\"},{\"@type\":\"Organization\",\"@id\":\"https:\/\/elc.uwr.edu.pl\/pl\/#organization\",\"name\":\"Studium Intensywnej Nauki J\u0119zyka Angielskiego\",\"url\":\"https:\/\/elc.uwr.edu.pl\/pl\/\",\"logo\":{\"@type\":\"ImageObject\",\"inLanguage\":\"pl-PL\",\"@id\":\"https:\/\/elc.uwr.edu.pl\/pl\/#\/schema\/logo\/image\/\",\"url\":\"https:\/\/elc.uwr.edu.pl\/wp-content\/uploads\/sites\/161\/2025\/10\/UWr-logotyp-2025.png\",\"contentUrl\":\"https:\/\/elc.uwr.edu.pl\/wp-content\/uploads\/sites\/161\/2025\/10\/UWr-logotyp-2025.png\",\"width\":764,\"height\":269,\"caption\":\"Studium Intensywnej Nauki J\u0119zyka Angielskiego\"},\"image\":{\"@id\":\"https:\/\/elc.uwr.edu.pl\/pl\/#\/schema\/logo\/image\/\"}}]}<\/script>\n<!-- \/ Yoast SEO plugin. -->","yoast_head_json":{"title":"Pracownicy pomocniczy - Studium Intensywnej Nauki J\u0119zyka Angielskiego","description":"Studium Intensywnej Nauki J\u0119zyka Angielskiego","robots":{"index":"index","follow":"follow","max-snippet":"max-snippet:-1","max-image-preview":"max-image-preview:large","max-video-preview":"max-video-preview:-1"},"canonical":"https:\/\/elc.uwr.edu.pl\/pl\/supporting-staff\/","og_locale":"pl_PL","og_type":"article","og_title":"Pracownicy pomocniczy - Studium Intensywnej Nauki J\u0119zyka Angielskiego","og_description":"Studium Intensywnej Nauki J\u0119zyka Angielskiego","og_url":"https:\/\/elc.uwr.edu.pl\/pl\/supporting-staff\/","og_site_name":"Studium Intensywnej Nauki J\u0119zyka Angielskiego","article_modified_time":"2022-08-03T09:41:16+00:00","og_image":[{"url":"https:\/\/elc.uwr.edu.pl\/wp-content\/uploads\/sites\/161\/2022\/08\/supporting-683x1024.webp","type":"","width":"","height":""}],"twitter_card":"summary_large_image","twitter_misc":{"Szacowany czas czytania":"1 minuta"},"schema":{"@context":"https:\/\/schema.org","@graph":[{"@type":"WebPage","@id":"https:\/\/elc.uwr.edu.pl\/pl\/supporting-staff\/","url":"https:\/\/elc.uwr.edu.pl\/pl\/supporting-staff\/","name":"Pracownicy pomocniczy - Studium Intensywnej Nauki J\u0119zyka Angielskiego","isPartOf":{"@id":"https:\/\/elc.uwr.edu.pl\/pl\/#website"},"primaryImageOfPage":{"@id":"https:\/\/elc.uwr.edu.pl\/pl\/supporting-staff\/#primaryimage"},"image":{"@id":"https:\/\/elc.uwr.edu.pl\/pl\/supporting-staff\/#primaryimage"},"thumbnailUrl":"https:\/\/elc.uwr.edu.pl\/wp-content\/uploads\/sites\/161\/2022\/08\/supporting-683x1024.webp","datePublished":"2022-08-03T09:32:33+00:00","dateModified":"2022-08-03T09:41:16+00:00","description":"Studium Intensywnej Nauki J\u0119zyka Angielskiego","breadcrumb":{"@id":"https:\/\/elc.uwr.edu.pl\/pl\/supporting-staff\/#breadcrumb"},"inLanguage":"pl-PL","potentialAction":[{"@type":"ReadAction","target":["https:\/\/elc.uwr.edu.pl\/pl\/supporting-staff\/"]}]},{"@type":"ImageObject","inLanguage":"pl-PL","@id":"https:\/\/elc.uwr.edu.pl\/pl\/supporting-staff\/#primaryimage","url":"https:\/\/elc.uwr.edu.pl\/wp-content\/uploads\/sites\/161\/2022\/08\/supporting-683x1024.webp","contentUrl":"https:\/\/elc.uwr.edu.pl\/wp-content\/uploads\/sites\/161\/2022\/08\/supporting-683x1024.webp"},{"@type":"BreadcrumbList","@id":"https:\/\/elc.uwr.edu.pl\/pl\/supporting-staff\/#breadcrumb","itemListElement":[{"@type":"ListItem","position":1,"name":"Strona g\u0142\u00f3wna","item":"https:\/\/elc.uwr.edu.pl\/pl\/"},{"@type":"ListItem","position":2,"name":"Pracownicy pomocniczy"}]},{"@type":"WebSite","@id":"https:\/\/elc.uwr.edu.pl\/pl\/#website","url":"https:\/\/elc.uwr.edu.pl\/pl\/","name":"Studium Intensywnej Nauki J\u0119zyka Angielskiego","description":"Kolejna witryna sieci \u201eUWR Witryny\u201d","publisher":{"@id":"https:\/\/elc.uwr.edu.pl\/pl\/#organization"},"potentialAction":[{"@type":"SearchAction","target":{"@type":"EntryPoint","urlTemplate":"https:\/\/elc.uwr.edu.pl\/pl\/?s={search_term_string}"},"query-input":{"@type":"PropertyValueSpecification","valueRequired":true,"valueName":"search_term_string"}}],"inLanguage":"pl-PL"},{"@type":"Organization","@id":"https:\/\/elc.uwr.edu.pl\/pl\/#organization","name":"Studium Intensywnej Nauki J\u0119zyka Angielskiego","url":"https:\/\/elc.uwr.edu.pl\/pl\/","logo":{"@type":"ImageObject","inLanguage":"pl-PL","@id":"https:\/\/elc.uwr.edu.pl\/pl\/#\/schema\/logo\/image\/","url":"https:\/\/elc.uwr.edu.pl\/wp-content\/uploads\/sites\/161\/2025\/10\/UWr-logotyp-2025.png","contentUrl":"https:\/\/elc.uwr.edu.pl\/wp-content\/uploads\/sites\/161\/2025\/10\/UWr-logotyp-2025.png","width":764,"height":269,"caption":"Studium Intensywnej Nauki J\u0119zyka Angielskiego"},"image":{"@id":"https:\/\/elc.uwr.edu.pl\/pl\/#\/schema\/logo\/image\/"}}]}},"publishpress_future_action":{"enabled":false,"date":"2026-05-08 03:40:10","action":"change-status","newStatus":"draft","terms":[],"taxonomy":"category","extraData":[]},"publishpress_future_workflow_manual_trigger":{"enabledWorkflows":[]},"_links":{"self":[{"href":"https:\/\/elc.uwr.edu.pl\/pl\/wp-json\/wp\/v2\/pages\/23690\/"}],"collection":[{"href":"https:\/\/elc.uwr.edu.pl\/pl\/wp-json\/wp\/v2\/pages\/"}],"about":[{"href":"https:\/\/elc.uwr.edu.pl\/pl\/wp-json\/wp\/v2\/types\/page\/"}],"author":[{"embeddable":true,"href":"https:\/\/elc.uwr.edu.pl\/pl\/wp-json\/wp\/v2\/users\/37\/"}],"replies":[{"embeddable":true,"href":"https:\/\/elc.uwr.edu.pl\/pl\/wp-json\/wp\/v2\/comments\/?post=23690"}],"version-history":[{"count":6,"href":"https:\/\/elc.uwr.edu.pl\/pl\/wp-json\/wp\/v2\/pages\/23690\/revisions\/"}],"predecessor-version":[{"id":23741,"href":"https:\/\/elc.uwr.edu.pl\/pl\/wp-json\/wp\/v2\/pages\/23690\/revisions\/23741\/"}],"wp:attachment":[{"href":"https:\/\/elc.uwr.edu.pl\/pl\/wp-json\/wp\/v2\/media\/?parent=23690"}],"wp:term":[{"taxonomy":"category","embeddable":true,"href":"https:\/\/elc.uwr.edu.pl\/pl\/wp-json\/wp\/v2\/categories\/?post=23690"},{"taxonomy":"post_tag","embeddable":true,"href":"https:\/\/elc.uwr.edu.pl\/pl\/wp-json\/wp\/v2\/tags\/?post=23690"}],"curies":[{"name":"wp","href":"https:\/\/api.w.org\/{rel}","templated":true}]}}