{"id":23519,"date":"2022-08-03T10:10:54","date_gmt":"2022-08-03T08:10:54","guid":{"rendered":"https:\/\/elc.uwr.edu.pl\/about-us\/"},"modified":"2022-08-03T10:12:33","modified_gmt":"2022-08-03T08:12:33","slug":"about-us","status":"publish","type":"page","link":"https:\/\/elc.uwr.edu.pl\/pl\/about-us\/","title":{"rendered":"O nas"},"content":{"rendered":"\n<div class=\"wp-block-ugb-container ugb-container blok_nowa_podstrona ugb-8dda971 ugb-container--v2 ugb-container--design-plain ugb-main-block\"><div class=\"ugb-inner-block\"><div class=\"ugb-block-content\"><div class=\"ugb-container__wrapper ugb-8dda971-wrapper\"><div class=\"ugb-container__side\"><div class=\"ugb-container__content-wrapper ugb-8dda971-content-wrapper\">\n<div class=\"wp-block-columns bs-news-page is-layout-flex wp-block-columns-is-layout-flex\">\n<div class=\"wp-block-column bs-kontakt-photo is-layout-flow wp-block-column-is-layout-flow\">\n<figure class=\"wp-block-image size-large\"><img loading=\"lazy\" decoding=\"async\" width=\"1024\" height=\"684\" src=\"https:\/\/elc.uwr.edu.pl\/wp-content\/uploads\/sites\/161\/2022\/08\/O-nas-1024x684.jpeg\" alt=\"O nas\" class=\"wp-image-23513\" srcset=\"https:\/\/elc.uwr.edu.pl\/wp-content\/uploads\/sites\/161\/2022\/08\/O-nas-1024x684.jpeg 1024w, https:\/\/elc.uwr.edu.pl\/wp-content\/uploads\/sites\/161\/2022\/08\/O-nas-300x200.jpeg 300w, https:\/\/elc.uwr.edu.pl\/wp-content\/uploads\/sites\/161\/2022\/08\/O-nas-768x513.jpeg 768w, https:\/\/elc.uwr.edu.pl\/wp-content\/uploads\/sites\/161\/2022\/08\/O-nas-1536x1026.jpeg 1536w, https:\/\/elc.uwr.edu.pl\/wp-content\/uploads\/sites\/161\/2022\/08\/O-nas-2048x1368.jpeg 2048w, https:\/\/elc.uwr.edu.pl\/wp-content\/uploads\/sites\/161\/2022\/08\/O-nas-1320x882.jpeg 1320w, https:\/\/elc.uwr.edu.pl\/wp-content\/uploads\/sites\/161\/2022\/08\/O-nas-24x16.jpeg 24w, https:\/\/elc.uwr.edu.pl\/wp-content\/uploads\/sites\/161\/2022\/08\/O-nas-36x24.jpeg 36w, https:\/\/elc.uwr.edu.pl\/wp-content\/uploads\/sites\/161\/2022\/08\/O-nas-48x32.jpeg 48w\" sizes=\"auto, (max-width: 1024px) 100vw, 1024px\" \/><\/figure>\n<\/div>\n\n\n\n<div class=\"wp-block-column bs-contact-right-column is-layout-flow wp-block-column-is-layout-flow\">\n<div class=\"wp-block-bonasoft-modular-breadcrumbs-block\"><div class=\"bs_add_breadcrumb_trail\"><\/div><\/div>\n\n\n\n<hr class=\"wp-block-separator has-text-color has-background has-black-background-color has-black-color is-style-wide bs-border-kontakt\"\/>\n\n\n<h1 style=\"font-style:normal;font-weight:700;\" class=\"bs-naglowek-podstrony wp-block-post-title\">O nas<\/h1>\n\n\n<p>Studium Intensywnej Nauki J\u0119zyka Angielskiego, znane jako English Language Centre, powsta\u0142o w 1986 roku na mocy porozumienia mi\u0119dzy British Council w Warszawie a Uniwersytetem Wroc\u0142awskim w celu doskonalenia znajomo\u015bci j\u0119zyka angielskiego nauczycieli akademickich. Od tego czasu nieprzerwanie s\u0142u\u017cymy \u015brodowisku akademickiemu Wroc\u0142awia, a od wielu ju\u017c lat nasze kursy s\u0105 r\u00f3wnie\u017c og\u00f3lnodost\u0119pne. Prowadzimy zaj\u0119cia rozwijaj\u0105ce zar\u00f3wno og\u00f3ln\u0105 znajomo\u015b\u0107 j\u0119zyka angielskiego&nbsp; jak i umiej\u0119tno\u015bci przydatne w pracy nauczycieli akademickich.<\/p>\n\n\n\n<p>Nauczyciele Studium to wysoko wykwalifikowani specjali\u015bci o du\u017cym do\u015bwiadczeniu dydaktycznym, a specyficzny tryb nauki w Studium pozwala na skuteczne przygotowanie s\u0142uchaczy zar\u00f3wno do egzamin\u00f3w j\u0119zykowych na r\u00f3\u017cnych poziomach zaawansowania jak i do swobodnego pos\u0142ugiwania si\u0119 j\u0119zykiem angielskim na codzie\u0144.<\/p>\n<\/div>\n<\/div>\n\n\n\n<div class=\"wp-block-ugb-container ugb-container bs-news-page-under ugb-f8694ce ugb-container--v2 ugb-container--design-plain ugb-main-block\"><div class=\"ugb-inner-block\"><div class=\"ugb-block-content\"><div class=\"ugb-container__wrapper ugb-f8694ce-wrapper\"><div class=\"ugb-container__side\"><div class=\"ugb-container__content-wrapper ugb-f8694ce-content-wrapper\"><\/div><\/div><\/div><\/div><\/div><\/div>\n<\/div><\/div><\/div><\/div><\/div><\/div>\n","protected":false},"excerpt":{"rendered":"<p>Studium Intensywnej Nauki J\u0119zyka Angielskiego, znane jako English Language Centre, powsta\u0142o w 1986 roku na mocy porozumienia mi\u0119dzy British Council w Warszawie a Uniwersytetem Wroc\u0142awskim w celu doskonalenia znajomo\u015bci j\u0119zyka angielskiego nauczycieli akademickich. Od tego czasu nieprzerwanie s\u0142u\u017cymy \u015brodowisku akademickiemu Wroc\u0142awia, a od wielu ju\u017c lat nasze kursy s\u0105 r\u00f3wnie\u017c og\u00f3lnodost\u0119pne. Prowadzimy zaj\u0119cia rozwijaj\u0105ce zar\u00f3wno [&hellip;]<\/p>\n","protected":false},"author":37,"featured_media":0,"parent":0,"menu_order":0,"comment_status":"closed","ping_status":"closed","template":"","meta":{"_acf_changed":false,"inline_featured_image":false,"site-sidebar-layout":"default","site-content-layout":"","ast-site-content-layout":"default","site-content-style":"default","site-sidebar-style":"default","ast-global-header-display":"","ast-banner-title-visibility":"","ast-main-header-display":"","ast-hfb-above-header-display":"","ast-hfb-below-header-display":"","ast-hfb-mobile-header-display":"","site-post-title":"","ast-breadcrumbs-content":"","ast-featured-img":"","footer-sml-layout":"","ast-disable-related-posts":"","theme-transparent-header-meta":"","adv-header-id-meta":"","stick-header-meta":"","header-above-stick-meta":"","header-main-stick-meta":"","header-below-stick-meta":"","astra-migrate-meta-layouts":"default","ast-page-background-enabled":"default","ast-page-background-meta":{"desktop":{"background-color":"","background-image":"","background-repeat":"repeat","background-position":"center center","background-size":"auto","background-attachment":"scroll","background-type":"","background-media":"","overlay-type":"","overlay-color":"","overlay-opacity":"","overlay-gradient":""},"tablet":{"background-color":"","background-image":"","background-repeat":"repeat","background-position":"center center","background-size":"auto","background-attachment":"scroll","background-type":"","background-media":"","overlay-type":"","overlay-color":"","overlay-opacity":"","overlay-gradient":""},"mobile":{"background-color":"","background-image":"","background-repeat":"repeat","background-position":"center center","background-size":"auto","background-attachment":"scroll","background-type":"","background-media":"","overlay-type":"","overlay-color":"","overlay-opacity":"","overlay-gradient":""}},"ast-content-background-meta":{"desktop":{"background-color":"var(--ast-global-color-5)","background-image":"","background-repeat":"repeat","background-position":"center center","background-size":"auto","background-attachment":"scroll","background-type":"","background-media":"","overlay-type":"","overlay-color":"","overlay-opacity":"","overlay-gradient":""},"tablet":{"background-color":"var(--ast-global-color-5)","background-image":"","background-repeat":"repeat","background-position":"center center","background-size":"auto","background-attachment":"scroll","background-type":"","background-media":"","overlay-type":"","overlay-color":"","overlay-opacity":"","overlay-gradient":""},"mobile":{"background-color":"var(--ast-global-color-5)","background-image":"","background-repeat":"repeat","background-position":"center center","background-size":"auto","background-attachment":"scroll","background-type":"","background-media":"","overlay-type":"","overlay-color":"","overlay-opacity":"","overlay-gradient":""}},"footnotes":""},"categories":[],"tags":[],"class_list":["post-23519","page","type-page","status-publish","hentry"],"featured_image_urls_v2":{"full":"","thumbnail":"","medium":"","medium_large":"","large":"","1536x1536":"","2048x2048":"","menu-24x24":"","menu-36x36":"","menu-48x48":""},"post_excerpt_stackable_v2":"<p>O nas Studium Intensywnej Nauki J\u0119zyka Angielskiego, znane jako English Language Centre, powsta\u0142o w 1986 roku na mocy porozumienia mi\u0119dzy British Council w Warszawie a Uniwersytetem Wroc\u0142awskim w celu doskonalenia znajomo\u015bci j\u0119zyka angielskiego nauczycieli akademickich. Od tego czasu nieprzerwanie s\u0142u\u017cymy \u015brodowisku akademickiemu Wroc\u0142awia, a od wielu ju\u017c lat nasze kursy s\u0105 r\u00f3wnie\u017c og\u00f3lnodost\u0119pne. Prowadzimy zaj\u0119cia rozwijaj\u0105ce zar\u00f3wno og\u00f3ln\u0105 znajomo\u015b\u0107 j\u0119zyka angielskiego&nbsp; jak i umiej\u0119tno\u015bci przydatne w pracy nauczycieli akademickich. Nauczyciele Studium to wysoko wykwalifikowani specjali\u015bci o du\u017cym do\u015bwiadczeniu dydaktycznym, a specyficzny tryb nauki w Studium pozwala na skuteczne przygotowanie s\u0142uchaczy zar\u00f3wno do egzamin\u00f3w j\u0119zykowych na r\u00f3\u017cnych poziomach zaawansowania jak i&hellip;<\/p>\n","category_list_v2":"Bez kategorii","author_info_v2":{"name":"Izabela Jaraszek","url":"https:\/\/elc.uwr.edu.pl\/pl\/author\/ijaraszek\/"},"comments_num_v2":"0 comments","acf":[],"yoast_head":"<!-- This site is optimized with the Yoast SEO plugin v27.1.1 - https:\/\/yoast.com\/product\/yoast-seo-wordpress\/ -->\n<title>O nas - Studium Intensywnej Nauki J\u0119zyka Angielskiego<\/title>\n<meta name=\"description\" content=\"Studium Intensywnej Nauki J\u0119zyka Angielskiego\" \/>\n<meta name=\"robots\" content=\"index, follow, max-snippet:-1, max-image-preview:large, max-video-preview:-1\" \/>\n<link rel=\"canonical\" href=\"https:\/\/elc.uwr.edu.pl\/pl\/about-us\/\" \/>\n<meta property=\"og:locale\" content=\"pl_PL\" \/>\n<meta property=\"og:type\" content=\"article\" \/>\n<meta property=\"og:title\" content=\"O nas - Studium Intensywnej Nauki J\u0119zyka Angielskiego\" \/>\n<meta property=\"og:description\" content=\"Studium Intensywnej Nauki J\u0119zyka Angielskiego\" \/>\n<meta property=\"og:url\" content=\"https:\/\/elc.uwr.edu.pl\/pl\/about-us\/\" \/>\n<meta property=\"og:site_name\" content=\"Studium Intensywnej Nauki J\u0119zyka Angielskiego\" \/>\n<meta property=\"article:modified_time\" content=\"2022-08-03T08:12:33+00:00\" \/>\n<meta property=\"og:image\" content=\"https:\/\/elc.uwr.edu.pl\/wp-content\/uploads\/sites\/161\/2022\/08\/O-nas-1024x684.jpeg\" \/>\n<meta name=\"twitter:card\" content=\"summary_large_image\" \/>\n<meta name=\"twitter:label1\" content=\"Szacowany czas czytania\" \/>\n\t<meta name=\"twitter:data1\" content=\"1 minuta\" \/>\n<script type=\"application\/ld+json\" class=\"yoast-schema-graph\">{\"@context\":\"https:\/\/schema.org\",\"@graph\":[{\"@type\":\"WebPage\",\"@id\":\"https:\/\/elc.uwr.edu.pl\/pl\/about-us\/\",\"url\":\"https:\/\/elc.uwr.edu.pl\/pl\/about-us\/\",\"name\":\"O nas - Studium Intensywnej Nauki J\u0119zyka Angielskiego\",\"isPartOf\":{\"@id\":\"https:\/\/elc.uwr.edu.pl\/pl\/#website\"},\"primaryImageOfPage\":{\"@id\":\"https:\/\/elc.uwr.edu.pl\/pl\/about-us\/#primaryimage\"},\"image\":{\"@id\":\"https:\/\/elc.uwr.edu.pl\/pl\/about-us\/#primaryimage\"},\"thumbnailUrl\":\"https:\/\/elc.uwr.edu.pl\/wp-content\/uploads\/sites\/161\/2022\/08\/O-nas-1024x684.jpeg\",\"datePublished\":\"2022-08-03T08:10:54+00:00\",\"dateModified\":\"2022-08-03T08:12:33+00:00\",\"description\":\"Studium Intensywnej Nauki J\u0119zyka Angielskiego\",\"breadcrumb\":{\"@id\":\"https:\/\/elc.uwr.edu.pl\/pl\/about-us\/#breadcrumb\"},\"inLanguage\":\"pl-PL\",\"potentialAction\":[{\"@type\":\"ReadAction\",\"target\":[\"https:\/\/elc.uwr.edu.pl\/pl\/about-us\/\"]}]},{\"@type\":\"ImageObject\",\"inLanguage\":\"pl-PL\",\"@id\":\"https:\/\/elc.uwr.edu.pl\/pl\/about-us\/#primaryimage\",\"url\":\"https:\/\/elc.uwr.edu.pl\/wp-content\/uploads\/sites\/161\/2022\/08\/O-nas-1024x684.jpeg\",\"contentUrl\":\"https:\/\/elc.uwr.edu.pl\/wp-content\/uploads\/sites\/161\/2022\/08\/O-nas-1024x684.jpeg\"},{\"@type\":\"BreadcrumbList\",\"@id\":\"https:\/\/elc.uwr.edu.pl\/pl\/about-us\/#breadcrumb\",\"itemListElement\":[{\"@type\":\"ListItem\",\"position\":1,\"name\":\"Strona g\u0142\u00f3wna\",\"item\":\"https:\/\/elc.uwr.edu.pl\/pl\/\"},{\"@type\":\"ListItem\",\"position\":2,\"name\":\"O nas\"}]},{\"@type\":\"WebSite\",\"@id\":\"https:\/\/elc.uwr.edu.pl\/pl\/#website\",\"url\":\"https:\/\/elc.uwr.edu.pl\/pl\/\",\"name\":\"Studium Intensywnej Nauki J\u0119zyka Angielskiego\",\"description\":\"Kolejna witryna sieci \u201eUWR Witryny\u201d\",\"publisher\":{\"@id\":\"https:\/\/elc.uwr.edu.pl\/pl\/#organization\"},\"potentialAction\":[{\"@type\":\"SearchAction\",\"target\":{\"@type\":\"EntryPoint\",\"urlTemplate\":\"https:\/\/elc.uwr.edu.pl\/pl\/?s={search_term_string}\"},\"query-input\":{\"@type\":\"PropertyValueSpecification\",\"valueRequired\":true,\"valueName\":\"search_term_string\"}}],\"inLanguage\":\"pl-PL\"},{\"@type\":\"Organization\",\"@id\":\"https:\/\/elc.uwr.edu.pl\/pl\/#organization\",\"name\":\"Studium Intensywnej Nauki J\u0119zyka Angielskiego\",\"url\":\"https:\/\/elc.uwr.edu.pl\/pl\/\",\"logo\":{\"@type\":\"ImageObject\",\"inLanguage\":\"pl-PL\",\"@id\":\"https:\/\/elc.uwr.edu.pl\/pl\/#\/schema\/logo\/image\/\",\"url\":\"https:\/\/elc.uwr.edu.pl\/wp-content\/uploads\/sites\/161\/2025\/10\/UWr-logotyp-2025.png\",\"contentUrl\":\"https:\/\/elc.uwr.edu.pl\/wp-content\/uploads\/sites\/161\/2025\/10\/UWr-logotyp-2025.png\",\"width\":764,\"height\":269,\"caption\":\"Studium Intensywnej Nauki J\u0119zyka Angielskiego\"},\"image\":{\"@id\":\"https:\/\/elc.uwr.edu.pl\/pl\/#\/schema\/logo\/image\/\"}}]}<\/script>\n<!-- \/ Yoast SEO plugin. -->","yoast_head_json":{"title":"O nas - Studium Intensywnej Nauki J\u0119zyka Angielskiego","description":"Studium Intensywnej Nauki J\u0119zyka Angielskiego","robots":{"index":"index","follow":"follow","max-snippet":"max-snippet:-1","max-image-preview":"max-image-preview:large","max-video-preview":"max-video-preview:-1"},"canonical":"https:\/\/elc.uwr.edu.pl\/pl\/about-us\/","og_locale":"pl_PL","og_type":"article","og_title":"O nas - Studium Intensywnej Nauki J\u0119zyka Angielskiego","og_description":"Studium Intensywnej Nauki J\u0119zyka Angielskiego","og_url":"https:\/\/elc.uwr.edu.pl\/pl\/about-us\/","og_site_name":"Studium Intensywnej Nauki J\u0119zyka Angielskiego","article_modified_time":"2022-08-03T08:12:33+00:00","og_image":[{"url":"https:\/\/elc.uwr.edu.pl\/wp-content\/uploads\/sites\/161\/2022\/08\/O-nas-1024x684.jpeg","type":"","width":"","height":""}],"twitter_card":"summary_large_image","twitter_misc":{"Szacowany czas czytania":"1 minuta"},"schema":{"@context":"https:\/\/schema.org","@graph":[{"@type":"WebPage","@id":"https:\/\/elc.uwr.edu.pl\/pl\/about-us\/","url":"https:\/\/elc.uwr.edu.pl\/pl\/about-us\/","name":"O nas - Studium Intensywnej Nauki J\u0119zyka Angielskiego","isPartOf":{"@id":"https:\/\/elc.uwr.edu.pl\/pl\/#website"},"primaryImageOfPage":{"@id":"https:\/\/elc.uwr.edu.pl\/pl\/about-us\/#primaryimage"},"image":{"@id":"https:\/\/elc.uwr.edu.pl\/pl\/about-us\/#primaryimage"},"thumbnailUrl":"https:\/\/elc.uwr.edu.pl\/wp-content\/uploads\/sites\/161\/2022\/08\/O-nas-1024x684.jpeg","datePublished":"2022-08-03T08:10:54+00:00","dateModified":"2022-08-03T08:12:33+00:00","description":"Studium Intensywnej Nauki J\u0119zyka Angielskiego","breadcrumb":{"@id":"https:\/\/elc.uwr.edu.pl\/pl\/about-us\/#breadcrumb"},"inLanguage":"pl-PL","potentialAction":[{"@type":"ReadAction","target":["https:\/\/elc.uwr.edu.pl\/pl\/about-us\/"]}]},{"@type":"ImageObject","inLanguage":"pl-PL","@id":"https:\/\/elc.uwr.edu.pl\/pl\/about-us\/#primaryimage","url":"https:\/\/elc.uwr.edu.pl\/wp-content\/uploads\/sites\/161\/2022\/08\/O-nas-1024x684.jpeg","contentUrl":"https:\/\/elc.uwr.edu.pl\/wp-content\/uploads\/sites\/161\/2022\/08\/O-nas-1024x684.jpeg"},{"@type":"BreadcrumbList","@id":"https:\/\/elc.uwr.edu.pl\/pl\/about-us\/#breadcrumb","itemListElement":[{"@type":"ListItem","position":1,"name":"Strona g\u0142\u00f3wna","item":"https:\/\/elc.uwr.edu.pl\/pl\/"},{"@type":"ListItem","position":2,"name":"O nas"}]},{"@type":"WebSite","@id":"https:\/\/elc.uwr.edu.pl\/pl\/#website","url":"https:\/\/elc.uwr.edu.pl\/pl\/","name":"Studium Intensywnej Nauki J\u0119zyka Angielskiego","description":"Kolejna witryna sieci \u201eUWR Witryny\u201d","publisher":{"@id":"https:\/\/elc.uwr.edu.pl\/pl\/#organization"},"potentialAction":[{"@type":"SearchAction","target":{"@type":"EntryPoint","urlTemplate":"https:\/\/elc.uwr.edu.pl\/pl\/?s={search_term_string}"},"query-input":{"@type":"PropertyValueSpecification","valueRequired":true,"valueName":"search_term_string"}}],"inLanguage":"pl-PL"},{"@type":"Organization","@id":"https:\/\/elc.uwr.edu.pl\/pl\/#organization","name":"Studium Intensywnej Nauki J\u0119zyka Angielskiego","url":"https:\/\/elc.uwr.edu.pl\/pl\/","logo":{"@type":"ImageObject","inLanguage":"pl-PL","@id":"https:\/\/elc.uwr.edu.pl\/pl\/#\/schema\/logo\/image\/","url":"https:\/\/elc.uwr.edu.pl\/wp-content\/uploads\/sites\/161\/2025\/10\/UWr-logotyp-2025.png","contentUrl":"https:\/\/elc.uwr.edu.pl\/wp-content\/uploads\/sites\/161\/2025\/10\/UWr-logotyp-2025.png","width":764,"height":269,"caption":"Studium Intensywnej Nauki J\u0119zyka Angielskiego"},"image":{"@id":"https:\/\/elc.uwr.edu.pl\/pl\/#\/schema\/logo\/image\/"}}]}},"publishpress_future_action":{"enabled":false,"date":"2026-05-08 21:07:03","action":"change-status","newStatus":"draft","terms":[],"taxonomy":"category","extraData":[]},"publishpress_future_workflow_manual_trigger":{"enabledWorkflows":[]},"_links":{"self":[{"href":"https:\/\/elc.uwr.edu.pl\/pl\/wp-json\/wp\/v2\/pages\/23519\/"}],"collection":[{"href":"https:\/\/elc.uwr.edu.pl\/pl\/wp-json\/wp\/v2\/pages\/"}],"about":[{"href":"https:\/\/elc.uwr.edu.pl\/pl\/wp-json\/wp\/v2\/types\/page\/"}],"author":[{"embeddable":true,"href":"https:\/\/elc.uwr.edu.pl\/pl\/wp-json\/wp\/v2\/users\/37\/"}],"replies":[{"embeddable":true,"href":"https:\/\/elc.uwr.edu.pl\/pl\/wp-json\/wp\/v2\/comments\/?post=23519"}],"version-history":[{"count":1,"href":"https:\/\/elc.uwr.edu.pl\/pl\/wp-json\/wp\/v2\/pages\/23519\/revisions\/"}],"predecessor-version":[{"id":23522,"href":"https:\/\/elc.uwr.edu.pl\/pl\/wp-json\/wp\/v2\/pages\/23519\/revisions\/23522\/"}],"wp:attachment":[{"href":"https:\/\/elc.uwr.edu.pl\/pl\/wp-json\/wp\/v2\/media\/?parent=23519"}],"wp:term":[{"taxonomy":"category","embeddable":true,"href":"https:\/\/elc.uwr.edu.pl\/pl\/wp-json\/wp\/v2\/categories\/?post=23519"},{"taxonomy":"post_tag","embeddable":true,"href":"https:\/\/elc.uwr.edu.pl\/pl\/wp-json\/wp\/v2\/tags\/?post=23519"}],"curies":[{"name":"wp","href":"https:\/\/api.w.org\/{rel}","templated":true}]}}